{"id":178,"date":"2025-05-08T15:03:01","date_gmt":"2025-05-08T13:03:01","guid":{"rendered":"https:\/\/mobilvarme.nu\/?page_id=178"},"modified":"2026-01-15T12:21:37","modified_gmt":"2026-01-15T11:21:37","slug":"cookie-politik","status":"publish","type":"page","link":"https:\/\/mobilvarme.nu\/de\/cookie-politik\/","title":{"rendered":"Cookie-Politik"},"content":{"rendered":"\t\t<div data-elementor-type=\"wp-page\" data-elementor-id=\"178\" class=\"elementor elementor-178\" data-elementor-post-type=\"page\">\n\t\t\t\t<div class=\"elementor-element elementor-element-8f4e656 e-flex e-con-boxed e-con e-parent\" data-id=\"8f4e656\" data-element_type=\"container\">\n\t\t\t\t\t<div class=\"e-con-inner\">\n\t\t\t\t<div class=\"elementor-element elementor-element-e36723f elementor-widget elementor-widget-heading\" data-id=\"e36723f\" data-element_type=\"widget\" data-widget_type=\"heading.default\">\n\t\t\t\t<div class=\"elementor-widget-container\">\n\t\t\t\t\t<h1 class=\"elementor-heading-title elementor-size-default\">Cookie-Politik<\/h1>\t\t\t\t<\/div>\n\t\t\t\t<\/div>\n\t\t\t\t<div class=\"elementor-element elementor-element-8571b94 elementor-widget elementor-widget-text-editor\" data-id=\"8571b94\" data-element_type=\"widget\" data-widget_type=\"text-editor.default\">\n\t\t\t\t<div class=\"elementor-widget-container\">\n\t\t\t\t\t\t\t\t\t<p><strong>Verwendung von Cookies<\/strong><\/p><p>Hier k\u00f6nnen Sie die Richtlinien von MOBILEVARME.NU ApS DE f\u00fcr die Verwendung von Cookies lesen, wenn Sie die Website mobilvarme.nu\/de besuchen. Wenn Sie die Website MOBILEVARME.NU ApS DE besuchen, akzeptieren Sie die nachstehenden Cookie-Richtlinien.<\/p><p><a href=\"\/privatlivspolitik\/\">Klicken Sie hier, um zur Datenschutzrichtlinie zu gelangen<\/a><\/p><h2>Was ist ein Cookie?<\/h2><p>Ein Cookie ist eine kleine Textdatei, die im Webbrowser auf Ihrem Computer, Smartphone, iPad oder einem anderen Ger\u00e4t, mit dem Sie online gehen, gespeichert wird. Cookies erm\u00f6glichen es, Ihren Computer usw. zu identifizieren und Informationen \u00fcber Ihr Online-Verhalten zu sammeln, u. a. welche Seiten und Funktionen mit Ihrem Browser besucht werden, und stellen sicher, dass er technisch funktioniert. In manchen F\u00e4llen sind Cookies notwendig, damit eine Website wie vorgesehen funktioniert. Ein Cookie ist statisch und kann keine Computerviren oder andere sch\u00e4dliche Programme verbreiten. Er ist anonym und enth\u00e4lt keine pers\u00f6nlichen Daten. Cookies werden von praktisch allen Websites verwendet.<\/p><h2>Arten von Cookies<\/h2><p>Es gibt zwei Arten von Cookies: Sitzungscookies und dauerhafte Cookies. Sitzungscookies werden automatisch aus dem Browser gel\u00f6scht, wenn Sie ihn schlie\u00dfen. Dauerhafte Cookies werden f\u00fcr einen bestimmten Zeitraum auf Ihrem Ger\u00e4t gespeichert und verfallen danach.<\/p><p>Es wird auch zwischen Erstanbieter-Cookies und Drittanbieter-Cookies unterschieden. Erstanbieter-Cookies werden von der von Ihnen besuchten Website gesetzt, Drittanbieter-Cookies werden von einem Dritten gesetzt, der Elemente auf der von Ihnen besuchten Website eingebettet hat. Drittanbieter-Cookies werden von Web-Analyseprogrammen wie Google Analytics und WebTrends gesetzt.<\/p><p>Diese Cookie-Richtlinie gilt nur f\u00fcr mobilvarme.nu\/de. Wenn Sie auf Funktionen klicken, die zu anderen Websites navigieren, hat MOBILEVARME.NU ApS DE keine Verantwortung oder Kontrolle dar\u00fcber, welche Cookies verwendet werden.<\/p><h2>Cookies auf mobilvarme.nu\/de<\/h2><div class=\"cookie-manager--cookie-table\" data-cookie-declaration=\"\"><\/div><p>Existiert nicht &#8211; listet allgemeine Cookies auf<\/p><h2>Wie Sie Cookies vermeiden oder l\u00f6schen k\u00f6nnen<\/h2><p>Wenn Sie keine Cookies von mobilvarme.nu\/de w\u00fcnschen, k\u00f6nnen Sie jederzeit alle Cookies blockieren, vorhandene Cookies auf Ihrem Computer l\u00f6schen oder eine Warnung erhalten, bevor ein Cookie gespeichert wird. Bei allen Browsern k\u00f6nnen Sie Cookies einzeln oder alle auf einmal l\u00f6schen. Wie Sie dies tun, h\u00e4ngt davon ab, welchen Browser Sie verwenden. Folgen Sie den nachstehenden Links, um Anweisungen f\u00fcr Ihren Browser zu erhalten. Denken Sie daran, dass Sie, wenn Sie mehrere Browser verwenden, die Cookies in allen Browsern l\u00f6schen m\u00fcssen.<\/p><ul><li><a href=\"http:\/\/windows.microsoft.com\/da-DK\/windows-vista\/Delete-your-Internet-cookies\" target=\"_blank\" rel=\"noopener\">So l\u00f6schen Sie Cookies im Microsoft Internet Explorer<\/a><\/li><li><a href=\"https:\/\/support.apple.com\/kb\/PH17191\" target=\"_blank\" rel=\"noopener\">So l\u00f6schen Sie Cookies im Safari-Browser<\/a><\/li><li><a href=\"http:\/\/support.google.com\/chrome\/bin\/answer.py?hl=da&amp;answer=95647\" target=\"_blank\" rel=\"noopener\">Anleitung zum L\u00f6schen von Cookies im Google Chrome-Browser<\/a><\/li><li><a href=\"http:\/\/support.mozilla.org\/da\/kb\/delete-cookies-remove-info-websites-stored?redirectlocale=en-US&amp;redirectslug=Deleting+cookies\" target=\"_blank\" rel=\"noopener\">Anleitung zum L\u00f6schen von Cookies im Mozilla Firefox-Browser<\/a><\/li><li><a href=\"http:\/\/timeread.hubpages.com\/hub\/How-to-delete-internet-cookies-on-your-Droid-or-any-Android-device\" target=\"_blank\" rel=\"noopener\">Anleitung zum L\u00f6schen von Cookies auf Android-Telefonen<\/a><\/li><li><a href=\"http:\/\/help.opera.com\/Windows\/9.51\/da\/cookies.html\" target=\"_blank\" rel=\"noopener\">Anleitung zum L\u00f6schen von Cookies im Opera-Browser<\/a><\/li><li><a href=\"http:\/\/support.apple.com\/kb\/HT1677?viewlocale=da_DK\" target=\"_blank\" rel=\"noopener\">Wie man Cookies auf iPad, iPhone, iPod touch l\u00f6scht<\/a><\/li><li><a href=\"https:\/\/kb.wisc.edu\/page.php?id=24078\" target=\"_blank\" rel=\"noopener\">Leitfaden zum L\u00f6schen von Cookies auf Windows Phone<\/a><\/li><\/ul><h2>Was passiert, wenn Sie Cookies nicht akzeptieren oder l\u00f6schen?<\/h2><p>Wenn Sie sich daf\u00fcr entscheiden, alle Cookies zu blockieren oder vorhandene Cookies auf Ihrem Computer zu l\u00f6schen, k\u00f6nnen Sie weiterhin Texte auf mobilvarme.nu\/de lesen. Es kann jedoch sein, dass Sie bestimmte Funktionen und Dienste nicht nutzen k\u00f6nnen, weil die Website sich Ihre Entscheidungen merken muss.<\/p><h2>Regeln und Vorschriften<\/h2><p>Die Regeln, die f\u00fcr die Verwendung von Cookies auf MOBILEVARME.NU ApS DE gelten, finden Sie im Folgenden.<\/p><p><a href=\"https:\/\/www.retsinformation.dk\/Forms\/R0710.aspx?id=139279\" target=\"_blank\" rel=\"noopener\">Durchf\u00fchrungsverordnung zu Cookies<br \/><\/a><a href=\"https:\/\/www.datatilsynet.dk\/regler-og-vejledning\/cookies-og-lignende-teknologier\" target=\"_blank\" rel=\"noopener\">Leitfaden zu Cookies<\/a><\/p><h2>Kontaktieren Sie uns<\/h2><p>Wenn Sie weitere Fragen zur Verwendung von Cookies haben, k\u00f6nnen Sie uns gerne unter mobilvarme.nu\/de kontaktieren.<\/p>\t\t\t\t\t\t\t\t<\/div>\n\t\t\t\t<\/div>\n\t\t\t\t\t<\/div>\n\t\t\t\t<\/div>\n\t\t\t\t<\/div>\n\t\t","protected":false},"excerpt":{"rendered":"<p>Cookie-Politik Verwendung von Cookies Hier k\u00f6nnen Sie die Richtlinien von f\u00fcr die Verwendung von Cookies lesen, wenn Sie die Website besuchen. Wenn Sie die Website besuchen, akzeptieren Sie die nachstehenden Cookie-Richtlinien. Klicken Sie hier, um zur Datenschutzrichtlinie zu gelangen Was ist ein Cookie? Ein Cookie ist eine kleine Textdatei, die im Webbrowser auf Ihrem Computer, [&hellip;]<\/p>\n","protected":false},"author":2,"featured_media":0,"parent":0,"menu_order":0,"comment_status":"closed","ping_status":"closed","template":"","meta":{"_acf_changed":false,"inline_featured_image":false,"footnotes":""},"class_list":["post-178","page","type-page","status-publish","hentry"],"acf":[],"yoast_head":"<!-- This site is optimized with the Yoast SEO plugin v26.3 - https:\/\/yoast.com\/wordpress\/plugins\/seo\/ -->\n<title>Cookie-Politik - MOBILEVARME.NU ApS DE<\/title>\n<meta name=\"robots\" content=\"index, follow, max-snippet:-1, max-image-preview:large, max-video-preview:-1\" \/>\n<link rel=\"canonical\" href=\"https:\/\/mobilvarme.nu\/de\/cookie-politik\/\" \/>\n<meta property=\"og:locale\" content=\"da_DK\" \/>\n<meta property=\"og:type\" content=\"article\" \/>\n<meta property=\"og:title\" content=\"Cookie-Politik - MOBILEVARME.NU ApS DE\" \/>\n<meta property=\"og:description\" content=\"Cookie-Politik Verwendung von Cookies Hier k\u00f6nnen Sie die Richtlinien von f\u00fcr die Verwendung von Cookies lesen, wenn Sie die Website besuchen. Wenn Sie die Website besuchen, akzeptieren Sie die nachstehenden Cookie-Richtlinien. Klicken Sie hier, um zur Datenschutzrichtlinie zu gelangen Was ist ein Cookie? Ein Cookie ist eine kleine Textdatei, die im Webbrowser auf Ihrem Computer, [&hellip;]\" \/>\n<meta property=\"og:url\" content=\"https:\/\/mobilvarme.nu\/de\/cookie-politik\/\" \/>\n<meta property=\"og:site_name\" content=\"MOBILEVARME.NU ApS DE\" \/>\n<meta property=\"article:modified_time\" content=\"2026-01-15T11:21:37+00:00\" \/>\n<meta name=\"twitter:card\" content=\"summary_large_image\" \/>\n<meta name=\"twitter:label1\" content=\"Estimeret l\u00e6setid\" \/>\n\t<meta name=\"twitter:data1\" content=\"25 minutter\" \/>\n<script type=\"application\/ld+json\" class=\"yoast-schema-graph\">{\"@context\":\"https:\/\/schema.org\",\"@graph\":[{\"@type\":\"WebPage\",\"@id\":\"https:\/\/mobilvarme.nu\/de\/cookie-politik\/\",\"url\":\"https:\/\/mobilvarme.nu\/de\/cookie-politik\/\",\"name\":\"Cookie-Politik - MOBILEVARME.NU ApS DE\",\"isPartOf\":{\"@id\":\"https:\/\/mobilvarme.nu\/de\/#website\"},\"datePublished\":\"2025-05-08T13:03:01+00:00\",\"dateModified\":\"2026-01-15T11:21:37+00:00\",\"breadcrumb\":{\"@id\":\"https:\/\/mobilvarme.nu\/de\/cookie-politik\/#breadcrumb\"},\"inLanguage\":\"da-DK\",\"potentialAction\":[{\"@type\":\"ReadAction\",\"target\":[\"https:\/\/mobilvarme.nu\/de\/cookie-politik\/\"]}]},{\"@type\":\"BreadcrumbList\",\"@id\":\"https:\/\/mobilvarme.nu\/de\/cookie-politik\/#breadcrumb\",\"itemListElement\":[{\"@type\":\"ListItem\",\"position\":1,\"name\":\"Hjem\",\"item\":\"https:\/\/mobilvarme.nu\/de\/\"},{\"@type\":\"ListItem\",\"position\":2,\"name\":\"Cookie-Politik\"}]},{\"@type\":\"WebSite\",\"@id\":\"https:\/\/mobilvarme.nu\/de\/#website\",\"url\":\"https:\/\/mobilvarme.nu\/de\/\",\"name\":\"MOBILEVARME.NU ApS DE\",\"description\":\"\",\"publisher\":{\"@id\":\"https:\/\/mobilvarme.nu\/de\/#organization\"},\"potentialAction\":[{\"@type\":\"SearchAction\",\"target\":{\"@type\":\"EntryPoint\",\"urlTemplate\":\"https:\/\/mobilvarme.nu\/de\/?s={search_term_string}\"},\"query-input\":{\"@type\":\"PropertyValueSpecification\",\"valueRequired\":true,\"valueName\":\"search_term_string\"}}],\"inLanguage\":\"da-DK\"},{\"@type\":\"Organization\",\"@id\":\"https:\/\/mobilvarme.nu\/de\/#organization\",\"name\":\"MOBILEVARME.NU ApS DE\",\"url\":\"https:\/\/mobilvarme.nu\/de\/\",\"logo\":{\"@type\":\"ImageObject\",\"inLanguage\":\"da-DK\",\"@id\":\"https:\/\/mobilvarme.nu\/de\/#\/schema\/logo\/image\/\",\"url\":\"https:\/\/mobilvarme.nu\/de\/wp-content\/uploads\/sites\/3\/2024\/10\/Logo.png\",\"contentUrl\":\"https:\/\/mobilvarme.nu\/de\/wp-content\/uploads\/sites\/3\/2024\/10\/Logo.png\",\"width\":292,\"height\":26,\"caption\":\"MOBILEVARME.NU ApS DE\"},\"image\":{\"@id\":\"https:\/\/mobilvarme.nu\/de\/#\/schema\/logo\/image\/\"}}]}<\/script>\n<!-- \/ Yoast SEO plugin. -->","yoast_head_json":{"title":"Cookie-Politik - MOBILEVARME.NU ApS DE","robots":{"index":"index","follow":"follow","max-snippet":"max-snippet:-1","max-image-preview":"max-image-preview:large","max-video-preview":"max-video-preview:-1"},"canonical":"https:\/\/mobilvarme.nu\/de\/cookie-politik\/","og_locale":"da_DK","og_type":"article","og_title":"Cookie-Politik - MOBILEVARME.NU ApS DE","og_description":"Cookie-Politik Verwendung von Cookies Hier k\u00f6nnen Sie die Richtlinien von f\u00fcr die Verwendung von Cookies lesen, wenn Sie die Website besuchen. Wenn Sie die Website besuchen, akzeptieren Sie die nachstehenden Cookie-Richtlinien. Klicken Sie hier, um zur Datenschutzrichtlinie zu gelangen Was ist ein Cookie? Ein Cookie ist eine kleine Textdatei, die im Webbrowser auf Ihrem Computer, [&hellip;]","og_url":"https:\/\/mobilvarme.nu\/de\/cookie-politik\/","og_site_name":"MOBILEVARME.NU ApS DE","article_modified_time":"2026-01-15T11:21:37+00:00","twitter_card":"summary_large_image","twitter_misc":{"Estimeret l\u00e6setid":"25 minutter"},"schema":{"@context":"https:\/\/schema.org","@graph":[{"@type":"WebPage","@id":"https:\/\/mobilvarme.nu\/de\/cookie-politik\/","url":"https:\/\/mobilvarme.nu\/de\/cookie-politik\/","name":"Cookie-Politik - MOBILEVARME.NU ApS DE","isPartOf":{"@id":"https:\/\/mobilvarme.nu\/de\/#website"},"datePublished":"2025-05-08T13:03:01+00:00","dateModified":"2026-01-15T11:21:37+00:00","breadcrumb":{"@id":"https:\/\/mobilvarme.nu\/de\/cookie-politik\/#breadcrumb"},"inLanguage":"da-DK","potentialAction":[{"@type":"ReadAction","target":["https:\/\/mobilvarme.nu\/de\/cookie-politik\/"]}]},{"@type":"BreadcrumbList","@id":"https:\/\/mobilvarme.nu\/de\/cookie-politik\/#breadcrumb","itemListElement":[{"@type":"ListItem","position":1,"name":"Hjem","item":"https:\/\/mobilvarme.nu\/de\/"},{"@type":"ListItem","position":2,"name":"Cookie-Politik"}]},{"@type":"WebSite","@id":"https:\/\/mobilvarme.nu\/de\/#website","url":"https:\/\/mobilvarme.nu\/de\/","name":"MOBILEVARME.NU ApS DE","description":"","publisher":{"@id":"https:\/\/mobilvarme.nu\/de\/#organization"},"potentialAction":[{"@type":"SearchAction","target":{"@type":"EntryPoint","urlTemplate":"https:\/\/mobilvarme.nu\/de\/?s={search_term_string}"},"query-input":{"@type":"PropertyValueSpecification","valueRequired":true,"valueName":"search_term_string"}}],"inLanguage":"da-DK"},{"@type":"Organization","@id":"https:\/\/mobilvarme.nu\/de\/#organization","name":"MOBILEVARME.NU ApS DE","url":"https:\/\/mobilvarme.nu\/de\/","logo":{"@type":"ImageObject","inLanguage":"da-DK","@id":"https:\/\/mobilvarme.nu\/de\/#\/schema\/logo\/image\/","url":"https:\/\/mobilvarme.nu\/de\/wp-content\/uploads\/sites\/3\/2024\/10\/Logo.png","contentUrl":"https:\/\/mobilvarme.nu\/de\/wp-content\/uploads\/sites\/3\/2024\/10\/Logo.png","width":292,"height":26,"caption":"MOBILEVARME.NU ApS DE"},"image":{"@id":"https:\/\/mobilvarme.nu\/de\/#\/schema\/logo\/image\/"}}]}},"_links":{"self":[{"href":"https:\/\/mobilvarme.nu\/de\/wp-json\/wp\/v2\/pages\/178","targetHints":{"allow":["GET"]}}],"collection":[{"href":"https:\/\/mobilvarme.nu\/de\/wp-json\/wp\/v2\/pages"}],"about":[{"href":"https:\/\/mobilvarme.nu\/de\/wp-json\/wp\/v2\/types\/page"}],"author":[{"embeddable":true,"href":"https:\/\/mobilvarme.nu\/de\/wp-json\/wp\/v2\/users\/2"}],"replies":[{"embeddable":true,"href":"https:\/\/mobilvarme.nu\/de\/wp-json\/wp\/v2\/comments?post=178"}],"version-history":[{"count":0,"href":"https:\/\/mobilvarme.nu\/de\/wp-json\/wp\/v2\/pages\/178\/revisions"}],"wp:attachment":[{"href":"https:\/\/mobilvarme.nu\/de\/wp-json\/wp\/v2\/media?parent=178"}],"curies":[{"name":"wp","href":"https:\/\/api.w.org\/{rel}","templated":true}]}}