{"id":2299,"date":"2025-10-29T10:22:40","date_gmt":"2025-10-29T09:22:40","guid":{"rendered":"https:\/\/mobilvarme.nu\/?page_id=2299"},"modified":"2026-01-16T12:54:00","modified_gmt":"2026-01-16T11:54:00","slug":"referenzen","status":"publish","type":"page","link":"https:\/\/mobilvarme.nu\/de\/referenzen\/","title":{"rendered":"Referenzen"},"content":{"rendered":"\t\t<div data-elementor-type=\"wp-page\" data-elementor-id=\"2299\" class=\"elementor elementor-2299\" data-elementor-post-type=\"page\">\n\t\t\t\t<div class=\"elementor-element elementor-element-9cebf97 e-flex e-con-boxed e-con e-parent\" data-id=\"9cebf97\" data-element_type=\"container\" data-settings=\"{&quot;background_background&quot;:&quot;classic&quot;}\">\n\t\t\t\t\t<div class=\"e-con-inner\">\n\t\t<div class=\"elementor-element elementor-element-db6e04a e-con-full e-flex e-con e-child\" data-id=\"db6e04a\" data-element_type=\"container\" data-settings=\"{&quot;background_background&quot;:&quot;classic&quot;}\">\n\t\t\t\t<div class=\"elementor-element elementor-element-558c194 elementor-widget elementor-widget-heading\" data-id=\"558c194\" data-element_type=\"widget\" data-widget_type=\"heading.default\">\n\t\t\t\t<div class=\"elementor-widget-container\">\n\t\t\t\t\t<h1 class=\"elementor-heading-title elementor-size-default\">Referenzen<\/h1>\t\t\t\t<\/div>\n\t\t\t\t<\/div>\n\t\t\t\t<div class=\"elementor-element elementor-element-8919a80 elementor-widget elementor-widget-text-editor\" data-id=\"8919a80\" data-element_type=\"widget\" data-widget_type=\"text-editor.default\">\n\t\t\t\t<div class=\"elementor-widget-container\">\n\t\t\t\t\t\t\t\t\t<p>mobilvarme.nu hat sich auf die Lieferung von mobilen Heizzentralen spezialisiert. mobilvarme.nu war einer der ersten Anbieter auf dem Markt f\u00fcr mobile Heizzentralen und liefert seit 2003 mobile Heizzentralen.<\/p>\t\t\t\t\t\t\t\t<\/div>\n\t\t\t\t<\/div>\n\t\t<div class=\"elementor-element elementor-element-2cd6c1e e-con-full e-flex e-con e-child\" data-id=\"2cd6c1e\" data-element_type=\"container\">\n\t\t\t\t<div class=\"elementor-element elementor-element-2177 elementor-align-justify mainbutton elementor-widget elementor-widget-global elementor-global-2177 elementor-widget-button\" data-id=\"2177\" data-element_type=\"widget\" data-widget_type=\"button.default\">\n\t\t\t\t<div class=\"elementor-widget-container\">\n\t\t\t\t\t\t\t\t\t<div class=\"elementor-button-wrapper\">\n\t\t\t\t\t<a class=\"elementor-button elementor-button-link elementor-size-sm\" href=\"tel:+4540388389\">\n\t\t\t\t\t\t<span class=\"elementor-button-content-wrapper\">\n\t\t\t\t\t\t<span class=\"elementor-button-icon\">\n\t\t\t\t\t\t\t<\/span>\n\t\t\t\t\t\t\t\t\t<span class=\"elementor-button-text\">+45 40 388 389<\/span>\n\t\t\t\t\t<\/span>\n\t\t\t\t\t<\/a>\n\t\t\t\t<\/div>\n\t\t\t\t\t\t\t\t<\/div>\n\t\t\t\t<\/div>\n\t\t\t\t<div class=\"elementor-element elementor-element-2180 elementor-align-justify mainbutton elementor-widget elementor-widget-global elementor-global-2180 elementor-widget-button\" data-id=\"2180\" data-element_type=\"widget\" data-widget_type=\"button.default\">\n\t\t\t\t<div class=\"elementor-widget-container\">\n\t\t\t\t\t\t\t\t\t<div class=\"elementor-button-wrapper\">\n\t\t\t\t\t<a class=\"elementor-button elementor-button-link elementor-size-sm\" href=\"mailto:info@mobilvarme.nu\">\n\t\t\t\t\t\t<span class=\"elementor-button-content-wrapper\">\n\t\t\t\t\t\t<span class=\"elementor-button-icon\">\n\t\t\t\t\t\t\t<\/span>\n\t\t\t\t\t\t\t\t\t<span class=\"elementor-button-text\">info@mobilvarme.nu<\/span>\n\t\t\t\t\t<\/span>\n\t\t\t\t\t<\/a>\n\t\t\t\t<\/div>\n\t\t\t\t\t\t\t\t<\/div>\n\t\t\t\t<\/div>\n\t\t\t\t<\/div>\n\t\t\t\t<\/div>\n\t\t\t\t\t<\/div>\n\t\t\t\t<\/div>\n\t\t<div class=\"elementor-element elementor-element-650f3b3 e-flex e-con-boxed e-con e-parent\" data-id=\"650f3b3\" data-element_type=\"container\">\n\t\t\t\t\t<div class=\"e-con-inner\">\n\t\t\t\t<div class=\"elementor-element elementor-element-c217413 elementor-widget elementor-widget-heading\" data-id=\"c217413\" data-element_type=\"widget\" data-widget_type=\"heading.default\">\n\t\t\t\t<div class=\"elementor-widget-container\">\n\t\t\t\t\t<h2 class=\"elementor-heading-title elementor-size-default\">Eine Zusammenarbeit, die warm bleibt - egal, wer der Kunde ist<\/h2>\t\t\t\t<\/div>\n\t\t\t\t<\/div>\n\t\t\t\t<div class=\"elementor-element elementor-element-ef3a6e8 elementor-widget elementor-widget-text-editor\" data-id=\"ef3a6e8\" data-element_type=\"widget\" data-widget_type=\"text-editor.default\">\n\t\t\t\t<div class=\"elementor-widget-container\">\n\t\t\t\t\t\t\t\t\t<p>Die Kunden von <strong>MobilVarme A\/S<\/strong> sind so vielf\u00e4ltig wie die Aufgaben, die wir l\u00f6sen.<br \/>Wir liefern tempor\u00e4re und mobile Heizzentralen an <strong>Fernw\u00e4rmeunternehmen, Bauunternehmen, Kommunen und \u00f6ffentliche Einrichtungen<\/strong> &#8211; und wir fahren auch gerne \u00fcber die Grenzen nach <strong>Norwegen und auf die F\u00e4r\u00f6er<\/strong>, wenn dort W\u00e4rme ben\u00f6tigt wird.<\/p><p>Unseren Kunden ist gemeinsam, dass sie <strong>einen zuverl\u00e4ssigen Partner<\/strong> brauchen, der schnell einspringt, praktisch denkt und die W\u00e4rme ohne Unterbrechung des Betriebs in Gang bringt.<\/p>\t\t\t\t\t\t\t\t<\/div>\n\t\t\t\t<\/div>\n\t\t<div class=\"elementor-element elementor-element-10f5238 e-grid e-con-full e-con e-child\" data-id=\"10f5238\" data-element_type=\"container\">\n\t\t\t\t<div class=\"elementor-element elementor-element-db0018f elementor-widget elementor-widget-image\" data-id=\"db0018f\" data-element_type=\"widget\" data-widget_type=\"image.default\">\n\t\t\t\t<div class=\"elementor-widget-container\">\n\t\t\t\t\t\t\t\t\t\t\t\t\t\t\t<img decoding=\"async\" width=\"225\" height=\"50\" src=\"https:\/\/mobilvarme.nu\/de\/wp-content\/uploads\/sites\/3\/2025\/10\/layer-4.png\" class=\"attachment-large size-large wp-image-2379\" alt=\"\" \/>\t\t\t\t\t\t\t\t\t\t\t\t\t\t\t<\/div>\n\t\t\t\t<\/div>\n\t\t\t\t<div class=\"elementor-element elementor-element-5562375 elementor-widget elementor-widget-image\" data-id=\"5562375\" data-element_type=\"widget\" data-widget_type=\"image.default\">\n\t\t\t\t<div class=\"elementor-widget-container\">\n\t\t\t\t\t\t\t\t\t\t\t\t\t\t\t<img decoding=\"async\" width=\"220\" height=\"84\" src=\"https:\/\/mobilvarme.nu\/de\/wp-content\/uploads\/sites\/3\/2025\/10\/eogp-logox2.png\" class=\"attachment-large size-large wp-image-2377\" alt=\"\" \/>\t\t\t\t\t\t\t\t\t\t\t\t\t\t\t<\/div>\n\t\t\t\t<\/div>\n\t\t\t\t<div class=\"elementor-element elementor-element-7e1e27f elementor-widget elementor-widget-image\" data-id=\"7e1e27f\" data-element_type=\"widget\" data-widget_type=\"image.default\">\n\t\t\t\t<div class=\"elementor-widget-container\">\n\t\t\t\t\t\t\t\t\t\t\t\t\t\t\t<img decoding=\"async\" width=\"221\" height=\"47\" src=\"https:\/\/mobilvarme.nu\/de\/wp-content\/uploads\/sites\/3\/2025\/10\/rgb-rockwool-logo-primary-colour-rgb.png\" class=\"attachment-large size-large wp-image-2382\" alt=\"\" \/>\t\t\t\t\t\t\t\t\t\t\t\t\t\t\t<\/div>\n\t\t\t\t<\/div>\n\t\t\t\t<div class=\"elementor-element elementor-element-93f05c5 elementor-widget elementor-widget-image\" data-id=\"93f05c5\" data-element_type=\"widget\" data-widget_type=\"image.default\">\n\t\t\t\t<div class=\"elementor-widget-container\">\n\t\t\t\t\t\t\t\t\t\t\t\t\t\t\t<img loading=\"lazy\" decoding=\"async\" width=\"220\" height=\"46\" src=\"https:\/\/mobilvarme.nu\/de\/wp-content\/uploads\/sites\/3\/2025\/10\/ramboll-logo-websites.png\" class=\"attachment-large size-large wp-image-2381\" alt=\"\" \/>\t\t\t\t\t\t\t\t\t\t\t\t\t\t\t<\/div>\n\t\t\t\t<\/div>\n\t\t\t\t<div class=\"elementor-element elementor-element-466cc31 elementor-widget elementor-widget-image\" data-id=\"466cc31\" data-element_type=\"widget\" data-widget_type=\"image.default\">\n\t\t\t\t<div class=\"elementor-widget-container\">\n\t\t\t\t\t\t\t\t\t\t\t\t\t\t\t<img loading=\"lazy\" decoding=\"async\" width=\"216\" height=\"80\" src=\"https:\/\/mobilvarme.nu\/de\/wp-content\/uploads\/sites\/3\/2025\/10\/veks-e1691761725379.png\" class=\"attachment-large size-large wp-image-2383\" alt=\"\" \/>\t\t\t\t\t\t\t\t\t\t\t\t\t\t\t<\/div>\n\t\t\t\t<\/div>\n\t\t\t\t<div class=\"elementor-element elementor-element-ddd39aa elementor-widget elementor-widget-image\" data-id=\"ddd39aa\" data-element_type=\"widget\" data-widget_type=\"image.default\">\n\t\t\t\t<div class=\"elementor-widget-container\">\n\t\t\t\t\t\t\t\t\t\t\t\t\t\t\t<img loading=\"lazy\" decoding=\"async\" width=\"220\" height=\"80\" src=\"https:\/\/mobilvarme.nu\/de\/wp-content\/uploads\/sites\/3\/2025\/10\/fors-1-e1691761521796.png\" class=\"attachment-large size-large wp-image-2378\" alt=\"\" \/>\t\t\t\t\t\t\t\t\t\t\t\t\t\t\t<\/div>\n\t\t\t\t<\/div>\n\t\t\t\t<div class=\"elementor-element elementor-element-df01e61 elementor-widget elementor-widget-image\" data-id=\"df01e61\" data-element_type=\"widget\" data-widget_type=\"image.default\">\n\t\t\t\t<div class=\"elementor-widget-container\">\n\t\t\t\t\t\t\t\t\t\t\t\t\t\t\t<img loading=\"lazy\" decoding=\"async\" width=\"180\" height=\"70\" src=\"https:\/\/mobilvarme.nu\/de\/wp-content\/uploads\/sites\/3\/2025\/10\/odsherred-forsyning-1-e1691761693751.jpg\" class=\"attachment-large size-large wp-image-2380\" alt=\"\" \/>\t\t\t\t\t\t\t\t\t\t\t\t\t\t\t<\/div>\n\t\t\t\t<\/div>\n\t\t\t\t<div class=\"elementor-element elementor-element-12e448a elementor-widget elementor-widget-text-editor\" data-id=\"12e448a\" data-element_type=\"widget\" data-widget_type=\"text-editor.default\">\n\t\t\t\t<div class=\"elementor-widget-container\">\n\t\t\t\t\t\t\t\t\t<p>Farum<br \/>Fernw\u00e4rme<\/p>\t\t\t\t\t\t\t\t<\/div>\n\t\t\t\t<\/div>\n\t\t\t\t<div class=\"elementor-element elementor-element-135d638 elementor-widget elementor-widget-image\" data-id=\"135d638\" data-element_type=\"widget\" data-widget_type=\"image.default\">\n\t\t\t\t<div class=\"elementor-widget-container\">\n\t\t\t\t\t\t\t\t\t\t\t\t\t\t\t<img loading=\"lazy\" decoding=\"async\" width=\"200\" height=\"41\" src=\"https:\/\/mobilvarme.nu\/de\/wp-content\/uploads\/sites\/3\/2026\/01\/7-1.svg\" class=\"attachment-large size-large wp-image-2737\" alt=\"\" \/>\t\t\t\t\t\t\t\t\t\t\t\t\t\t\t<\/div>\n\t\t\t\t<\/div>\n\t\t\t\t<div class=\"elementor-element elementor-element-44e4cee elementor-widget elementor-widget-image\" data-id=\"44e4cee\" data-element_type=\"widget\" data-widget_type=\"image.default\">\n\t\t\t\t<div class=\"elementor-widget-container\">\n\t\t\t\t\t\t\t\t\t\t\t\t\t\t\t<img loading=\"lazy\" decoding=\"async\" width=\"117\" height=\"90\" src=\"https:\/\/mobilvarme.nu\/de\/wp-content\/uploads\/sites\/3\/2026\/01\/1.svg\" class=\"attachment-large size-large wp-image-2730\" alt=\"\" \/>\t\t\t\t\t\t\t\t\t\t\t\t\t\t\t<\/div>\n\t\t\t\t<\/div>\n\t\t\t\t<div class=\"elementor-element elementor-element-faecf41 elementor-widget elementor-widget-image\" data-id=\"faecf41\" data-element_type=\"widget\" data-widget_type=\"image.default\">\n\t\t\t\t<div class=\"elementor-widget-container\">\n\t\t\t\t\t\t\t\t\t\t\t\t\t\t\t<img loading=\"lazy\" decoding=\"async\" width=\"182\" height=\"90\" src=\"https:\/\/mobilvarme.nu\/de\/wp-content\/uploads\/sites\/3\/2026\/01\/2.svg\" class=\"attachment-large size-large wp-image-2731\" alt=\"\" \/>\t\t\t\t\t\t\t\t\t\t\t\t\t\t\t<\/div>\n\t\t\t\t<\/div>\n\t\t\t\t<div class=\"elementor-element elementor-element-ebc1c8a elementor-widget elementor-widget-image\" data-id=\"ebc1c8a\" data-element_type=\"widget\" data-widget_type=\"image.default\">\n\t\t\t\t<div class=\"elementor-widget-container\">\n\t\t\t\t\t\t\t\t\t\t\t\t\t\t\t<img loading=\"lazy\" decoding=\"async\" width=\"193\" height=\"50\" src=\"https:\/\/mobilvarme.nu\/de\/wp-content\/uploads\/sites\/3\/2026\/01\/3.svg\" class=\"attachment-large size-large wp-image-2732\" alt=\"\" \/>\t\t\t\t\t\t\t\t\t\t\t\t\t\t\t<\/div>\n\t\t\t\t<\/div>\n\t\t\t\t<div class=\"elementor-element elementor-element-4a01973 elementor-widget elementor-widget-image\" data-id=\"4a01973\" data-element_type=\"widget\" data-widget_type=\"image.default\">\n\t\t\t\t<div class=\"elementor-widget-container\">\n\t\t\t\t\t\t\t\t\t\t\t\t\t\t\t<img loading=\"lazy\" decoding=\"async\" width=\"203\" height=\"30\" src=\"https:\/\/mobilvarme.nu\/de\/wp-content\/uploads\/sites\/3\/2026\/01\/4.svg\" class=\"attachment-large size-large wp-image-2733\" alt=\"\" \/>\t\t\t\t\t\t\t\t\t\t\t\t\t\t\t<\/div>\n\t\t\t\t<\/div>\n\t\t\t\t<div class=\"elementor-element elementor-element-c50522c elementor-widget elementor-widget-image\" data-id=\"c50522c\" data-element_type=\"widget\" data-widget_type=\"image.default\">\n\t\t\t\t<div class=\"elementor-widget-container\">\n\t\t\t\t\t\t\t\t\t\t\t\t\t\t\t<img loading=\"lazy\" decoding=\"async\" width=\"101\" height=\"90\" src=\"https:\/\/mobilvarme.nu\/de\/wp-content\/uploads\/sites\/3\/2026\/01\/5.svg\" class=\"attachment-large size-large wp-image-2734\" alt=\"\" \/>\t\t\t\t\t\t\t\t\t\t\t\t\t\t\t<\/div>\n\t\t\t\t<\/div>\n\t\t\t\t<div class=\"elementor-element elementor-element-922c934 elementor-widget elementor-widget-image\" data-id=\"922c934\" data-element_type=\"widget\" data-widget_type=\"image.default\">\n\t\t\t\t<div class=\"elementor-widget-container\">\n\t\t\t\t\t\t\t\t\t\t\t\t\t\t\t<img loading=\"lazy\" decoding=\"async\" width=\"199\" height=\"25\" src=\"https:\/\/mobilvarme.nu\/de\/wp-content\/uploads\/sites\/3\/2026\/01\/6.svg\" class=\"attachment-large size-large wp-image-2735\" alt=\"\" \/>\t\t\t\t\t\t\t\t\t\t\t\t\t\t\t<\/div>\n\t\t\t\t<\/div>\n\t\t\t\t<div class=\"elementor-element elementor-element-d1fbf5d elementor-widget elementor-widget-image\" data-id=\"d1fbf5d\" data-element_type=\"widget\" data-widget_type=\"image.default\">\n\t\t\t\t<div class=\"elementor-widget-container\">\n\t\t\t\t\t\t\t\t\t\t\t\t\t\t\t<img loading=\"lazy\" decoding=\"async\" width=\"173\" height=\"45\" src=\"https:\/\/mobilvarme.nu\/de\/wp-content\/uploads\/sites\/3\/2026\/01\/8-1.svg\" class=\"attachment-large size-large wp-image-2736\" alt=\"\" \/>\t\t\t\t\t\t\t\t\t\t\t\t\t\t\t<\/div>\n\t\t\t\t<\/div>\n\t\t\t\t<\/div>\n\t\t\t\t\t<\/div>\n\t\t\t\t<\/div>\n\t\t\t\t<\/div>\n\t\t","protected":false},"excerpt":{"rendered":"<p>Referenzen mobilvarme.nu hat sich auf die Lieferung von mobilen Heizzentralen spezialisiert. mobilvarme.nu war einer der ersten Anbieter auf dem Markt f\u00fcr mobile Heizzentralen und liefert seit 2003 mobile Heizzentralen. Eine Zusammenarbeit, die warm bleibt &#8211; egal, wer der Kunde ist Die Kunden von MobilVarme A\/S sind so vielf\u00e4ltig wie die Aufgaben, die wir l\u00f6sen.Wir liefern [&hellip;]<\/p>\n","protected":false},"author":2,"featured_media":0,"parent":0,"menu_order":0,"comment_status":"closed","ping_status":"closed","template":"","meta":{"_acf_changed":false,"inline_featured_image":false,"footnotes":""},"class_list":["post-2299","page","type-page","status-publish","hentry"],"acf":[],"yoast_head":"<!-- This site is optimized with the Yoast SEO plugin v26.3 - https:\/\/yoast.com\/wordpress\/plugins\/seo\/ -->\n<title>Mobilvarme.nu | Referenzen | Klicken Sie hier und sehen Sie weitere Informationen!<\/title>\n<meta name=\"description\" content=\"Mieten Sie eine mobile Heizzentrale und nehmen Sie uns die Sorgen ab | Wir sind bereit f\u00fcr Notf\u00e4lle und geplante Reparaturen | Referenzen!\" \/>\n<meta name=\"robots\" content=\"index, follow, max-snippet:-1, max-image-preview:large, max-video-preview:-1\" \/>\n<link rel=\"canonical\" href=\"https:\/\/mobilvarme.nu\/de\/referenzen\/\" \/>\n<meta property=\"og:locale\" content=\"da_DK\" \/>\n<meta property=\"og:type\" content=\"article\" \/>\n<meta property=\"og:title\" content=\"Mobilvarme.nu | Referenzen | Klicken Sie hier und sehen Sie weitere Informationen!\" \/>\n<meta property=\"og:description\" content=\"Mieten Sie eine mobile Heizzentrale und nehmen Sie uns die Sorgen ab | Wir sind bereit f\u00fcr Notf\u00e4lle und geplante Reparaturen | Referenzen!\" \/>\n<meta property=\"og:url\" content=\"https:\/\/mobilvarme.nu\/de\/referenzen\/\" \/>\n<meta property=\"og:site_name\" content=\"MOBILEVARME.NU ApS DE\" \/>\n<meta property=\"article:modified_time\" content=\"2026-01-16T11:54:00+00:00\" \/>\n<meta property=\"og:image\" content=\"https:\/\/mobilvarme.nu\/de\/wp-content\/uploads\/sites\/3\/2025\/10\/layer-4.png\" \/>\n\t<meta property=\"og:image:width\" content=\"225\" \/>\n\t<meta property=\"og:image:height\" content=\"50\" \/>\n\t<meta property=\"og:image:type\" content=\"image\/png\" \/>\n<meta name=\"twitter:card\" content=\"summary_large_image\" \/>\n<meta name=\"twitter:label1\" content=\"Estimeret l\u00e6setid\" \/>\n\t<meta name=\"twitter:data1\" content=\"4 minutter\" \/>\n<script type=\"application\/ld+json\" class=\"yoast-schema-graph\">{\"@context\":\"https:\/\/schema.org\",\"@graph\":[{\"@type\":\"WebPage\",\"@id\":\"https:\/\/mobilvarme.nu\/de\/referenzen\/\",\"url\":\"https:\/\/mobilvarme.nu\/de\/referenzen\/\",\"name\":\"Mobilvarme.nu | Referenzen | Klicken Sie hier und sehen Sie weitere Informationen!\",\"isPartOf\":{\"@id\":\"https:\/\/mobilvarme.nu\/de\/#website\"},\"primaryImageOfPage\":{\"@id\":\"https:\/\/mobilvarme.nu\/de\/referenzen\/#primaryimage\"},\"image\":{\"@id\":\"https:\/\/mobilvarme.nu\/de\/referenzen\/#primaryimage\"},\"thumbnailUrl\":\"https:\/\/mobilvarme.nu\/de\/wp-content\/uploads\/sites\/3\/2025\/10\/layer-4.png\",\"datePublished\":\"2025-10-29T09:22:40+00:00\",\"dateModified\":\"2026-01-16T11:54:00+00:00\",\"description\":\"Mieten Sie eine mobile Heizzentrale und nehmen Sie uns die Sorgen ab | Wir sind bereit f\u00fcr Notf\u00e4lle und geplante Reparaturen | Referenzen!\",\"breadcrumb\":{\"@id\":\"https:\/\/mobilvarme.nu\/de\/referenzen\/#breadcrumb\"},\"inLanguage\":\"da-DK\",\"potentialAction\":[{\"@type\":\"ReadAction\",\"target\":[\"https:\/\/mobilvarme.nu\/de\/referenzen\/\"]}]},{\"@type\":\"ImageObject\",\"inLanguage\":\"da-DK\",\"@id\":\"https:\/\/mobilvarme.nu\/de\/referenzen\/#primaryimage\",\"url\":\"https:\/\/mobilvarme.nu\/de\/wp-content\/uploads\/sites\/3\/2025\/10\/layer-4.png\",\"contentUrl\":\"https:\/\/mobilvarme.nu\/de\/wp-content\/uploads\/sites\/3\/2025\/10\/layer-4.png\",\"width\":225,\"height\":50},{\"@type\":\"BreadcrumbList\",\"@id\":\"https:\/\/mobilvarme.nu\/de\/referenzen\/#breadcrumb\",\"itemListElement\":[{\"@type\":\"ListItem\",\"position\":1,\"name\":\"Hjem\",\"item\":\"https:\/\/mobilvarme.nu\/de\/\"},{\"@type\":\"ListItem\",\"position\":2,\"name\":\"Referenzen\"}]},{\"@type\":\"WebSite\",\"@id\":\"https:\/\/mobilvarme.nu\/de\/#website\",\"url\":\"https:\/\/mobilvarme.nu\/de\/\",\"name\":\"MOBILEVARME.NU ApS DE\",\"description\":\"\",\"publisher\":{\"@id\":\"https:\/\/mobilvarme.nu\/de\/#organization\"},\"potentialAction\":[{\"@type\":\"SearchAction\",\"target\":{\"@type\":\"EntryPoint\",\"urlTemplate\":\"https:\/\/mobilvarme.nu\/de\/?s={search_term_string}\"},\"query-input\":{\"@type\":\"PropertyValueSpecification\",\"valueRequired\":true,\"valueName\":\"search_term_string\"}}],\"inLanguage\":\"da-DK\"},{\"@type\":\"Organization\",\"@id\":\"https:\/\/mobilvarme.nu\/de\/#organization\",\"name\":\"MOBILEVARME.NU ApS DE\",\"url\":\"https:\/\/mobilvarme.nu\/de\/\",\"logo\":{\"@type\":\"ImageObject\",\"inLanguage\":\"da-DK\",\"@id\":\"https:\/\/mobilvarme.nu\/de\/#\/schema\/logo\/image\/\",\"url\":\"https:\/\/mobilvarme.nu\/de\/wp-content\/uploads\/sites\/3\/2024\/10\/Logo.png\",\"contentUrl\":\"https:\/\/mobilvarme.nu\/de\/wp-content\/uploads\/sites\/3\/2024\/10\/Logo.png\",\"width\":292,\"height\":26,\"caption\":\"MOBILEVARME.NU ApS DE\"},\"image\":{\"@id\":\"https:\/\/mobilvarme.nu\/de\/#\/schema\/logo\/image\/\"}}]}<\/script>\n<!-- \/ Yoast SEO plugin. -->","yoast_head_json":{"title":"Mobilvarme.nu | Referenzen | Klicken Sie hier und sehen Sie weitere Informationen!","description":"Mieten Sie eine mobile Heizzentrale und nehmen Sie uns die Sorgen ab | Wir sind bereit f\u00fcr Notf\u00e4lle und geplante Reparaturen | Referenzen!","robots":{"index":"index","follow":"follow","max-snippet":"max-snippet:-1","max-image-preview":"max-image-preview:large","max-video-preview":"max-video-preview:-1"},"canonical":"https:\/\/mobilvarme.nu\/de\/referenzen\/","og_locale":"da_DK","og_type":"article","og_title":"Mobilvarme.nu | Referenzen | Klicken Sie hier und sehen Sie weitere Informationen!","og_description":"Mieten Sie eine mobile Heizzentrale und nehmen Sie uns die Sorgen ab | Wir sind bereit f\u00fcr Notf\u00e4lle und geplante Reparaturen | Referenzen!","og_url":"https:\/\/mobilvarme.nu\/de\/referenzen\/","og_site_name":"MOBILEVARME.NU ApS DE","article_modified_time":"2026-01-16T11:54:00+00:00","og_image":[{"width":225,"height":50,"url":"https:\/\/mobilvarme.nu\/de\/wp-content\/uploads\/sites\/3\/2025\/10\/layer-4.png","type":"image\/png"}],"twitter_card":"summary_large_image","twitter_misc":{"Estimeret l\u00e6setid":"4 minutter"},"schema":{"@context":"https:\/\/schema.org","@graph":[{"@type":"WebPage","@id":"https:\/\/mobilvarme.nu\/de\/referenzen\/","url":"https:\/\/mobilvarme.nu\/de\/referenzen\/","name":"Mobilvarme.nu | Referenzen | Klicken Sie hier und sehen Sie weitere Informationen!","isPartOf":{"@id":"https:\/\/mobilvarme.nu\/de\/#website"},"primaryImageOfPage":{"@id":"https:\/\/mobilvarme.nu\/de\/referenzen\/#primaryimage"},"image":{"@id":"https:\/\/mobilvarme.nu\/de\/referenzen\/#primaryimage"},"thumbnailUrl":"https:\/\/mobilvarme.nu\/de\/wp-content\/uploads\/sites\/3\/2025\/10\/layer-4.png","datePublished":"2025-10-29T09:22:40+00:00","dateModified":"2026-01-16T11:54:00+00:00","description":"Mieten Sie eine mobile Heizzentrale und nehmen Sie uns die Sorgen ab | Wir sind bereit f\u00fcr Notf\u00e4lle und geplante Reparaturen | Referenzen!","breadcrumb":{"@id":"https:\/\/mobilvarme.nu\/de\/referenzen\/#breadcrumb"},"inLanguage":"da-DK","potentialAction":[{"@type":"ReadAction","target":["https:\/\/mobilvarme.nu\/de\/referenzen\/"]}]},{"@type":"ImageObject","inLanguage":"da-DK","@id":"https:\/\/mobilvarme.nu\/de\/referenzen\/#primaryimage","url":"https:\/\/mobilvarme.nu\/de\/wp-content\/uploads\/sites\/3\/2025\/10\/layer-4.png","contentUrl":"https:\/\/mobilvarme.nu\/de\/wp-content\/uploads\/sites\/3\/2025\/10\/layer-4.png","width":225,"height":50},{"@type":"BreadcrumbList","@id":"https:\/\/mobilvarme.nu\/de\/referenzen\/#breadcrumb","itemListElement":[{"@type":"ListItem","position":1,"name":"Hjem","item":"https:\/\/mobilvarme.nu\/de\/"},{"@type":"ListItem","position":2,"name":"Referenzen"}]},{"@type":"WebSite","@id":"https:\/\/mobilvarme.nu\/de\/#website","url":"https:\/\/mobilvarme.nu\/de\/","name":"MOBILEVARME.NU ApS DE","description":"","publisher":{"@id":"https:\/\/mobilvarme.nu\/de\/#organization"},"potentialAction":[{"@type":"SearchAction","target":{"@type":"EntryPoint","urlTemplate":"https:\/\/mobilvarme.nu\/de\/?s={search_term_string}"},"query-input":{"@type":"PropertyValueSpecification","valueRequired":true,"valueName":"search_term_string"}}],"inLanguage":"da-DK"},{"@type":"Organization","@id":"https:\/\/mobilvarme.nu\/de\/#organization","name":"MOBILEVARME.NU ApS DE","url":"https:\/\/mobilvarme.nu\/de\/","logo":{"@type":"ImageObject","inLanguage":"da-DK","@id":"https:\/\/mobilvarme.nu\/de\/#\/schema\/logo\/image\/","url":"https:\/\/mobilvarme.nu\/de\/wp-content\/uploads\/sites\/3\/2024\/10\/Logo.png","contentUrl":"https:\/\/mobilvarme.nu\/de\/wp-content\/uploads\/sites\/3\/2024\/10\/Logo.png","width":292,"height":26,"caption":"MOBILEVARME.NU ApS DE"},"image":{"@id":"https:\/\/mobilvarme.nu\/de\/#\/schema\/logo\/image\/"}}]}},"_links":{"self":[{"href":"https:\/\/mobilvarme.nu\/de\/wp-json\/wp\/v2\/pages\/2299","targetHints":{"allow":["GET"]}}],"collection":[{"href":"https:\/\/mobilvarme.nu\/de\/wp-json\/wp\/v2\/pages"}],"about":[{"href":"https:\/\/mobilvarme.nu\/de\/wp-json\/wp\/v2\/types\/page"}],"author":[{"embeddable":true,"href":"https:\/\/mobilvarme.nu\/de\/wp-json\/wp\/v2\/users\/2"}],"replies":[{"embeddable":true,"href":"https:\/\/mobilvarme.nu\/de\/wp-json\/wp\/v2\/comments?post=2299"}],"version-history":[{"count":0,"href":"https:\/\/mobilvarme.nu\/de\/wp-json\/wp\/v2\/pages\/2299\/revisions"}],"wp:attachment":[{"href":"https:\/\/mobilvarme.nu\/de\/wp-json\/wp\/v2\/media?parent=2299"}],"curies":[{"name":"wp","href":"https:\/\/api.w.org\/{rel}","templated":true}]}}