{"id":2300,"date":"2025-10-29T10:22:19","date_gmt":"2025-10-29T09:22:19","guid":{"rendered":"https:\/\/mobilvarme.nu\/?page_id=2300"},"modified":"2026-01-15T11:11:31","modified_gmt":"2026-01-15T10:11:31","slug":"ubergangsheizung-von-mobilvarme-nu","status":"publish","type":"page","link":"https:\/\/mobilvarme.nu\/de\/ubergangsheizung-von-mobilvarme-nu\/","title":{"rendered":"\u00dcbergangsheizung von Mobilvarme.nu"},"content":{"rendered":"\t\t<div data-elementor-type=\"wp-page\" data-elementor-id=\"2300\" class=\"elementor elementor-2300\" data-elementor-post-type=\"page\">\n\t\t\t\t<div class=\"elementor-element elementor-element-9cebf97 e-flex e-con-boxed e-con e-parent\" data-id=\"9cebf97\" data-element_type=\"container\" data-settings=\"{&quot;background_background&quot;:&quot;classic&quot;}\">\n\t\t\t\t\t<div class=\"e-con-inner\">\n\t\t<div class=\"elementor-element elementor-element-db6e04a e-con-full e-flex e-con e-child\" data-id=\"db6e04a\" data-element_type=\"container\" data-settings=\"{&quot;background_background&quot;:&quot;classic&quot;}\">\n\t\t\t\t<div class=\"elementor-element elementor-element-558c194 elementor-widget elementor-widget-heading\" data-id=\"558c194\" data-element_type=\"widget\" data-widget_type=\"heading.default\">\n\t\t\t\t<div class=\"elementor-widget-container\">\n\t\t\t\t\t<h1 class=\"elementor-heading-title elementor-size-default\">Zwischenheizung von mobilvarme.nu<\/h1>\t\t\t\t<\/div>\n\t\t\t\t<\/div>\n\t\t\t\t<div class=\"elementor-element elementor-element-8919a80 elementor-widget elementor-widget-text-editor\" data-id=\"8919a80\" data-element_type=\"widget\" data-widget_type=\"text-editor.default\">\n\t\t\t\t<div class=\"elementor-widget-container\">\n\t\t\t\t\t\t\t\t\t<p>mobilvarme.nu ist spezialisiert auf die Lieferung von mobilen Heizzentralen und Zwischenheizungen. Wir geh\u00f6rten zu den Ersten auf dem Markt, die diese Form der mobilen Heizzentrale anboten. Seitdem liefern wir seit 2003 mobile Heizzentralen mit einem hohen Ma\u00df an Kundenzufriedenheit.<\/p>\t\t\t\t\t\t\t\t<\/div>\n\t\t\t\t<\/div>\n\t\t<div class=\"elementor-element elementor-element-2cd6c1e e-con-full e-flex e-con e-child\" data-id=\"2cd6c1e\" data-element_type=\"container\">\n\t\t\t\t<div class=\"elementor-element elementor-element-2177 elementor-align-justify mainbutton elementor-widget elementor-widget-global elementor-global-2177 elementor-widget-button\" data-id=\"2177\" data-element_type=\"widget\" data-widget_type=\"button.default\">\n\t\t\t\t<div class=\"elementor-widget-container\">\n\t\t\t\t\t\t\t\t\t<div class=\"elementor-button-wrapper\">\n\t\t\t\t\t<a class=\"elementor-button elementor-button-link elementor-size-sm\" href=\"tel:+4540388389\">\n\t\t\t\t\t\t<span class=\"elementor-button-content-wrapper\">\n\t\t\t\t\t\t<span class=\"elementor-button-icon\">\n\t\t\t\t\t\t\t<\/span>\n\t\t\t\t\t\t\t\t\t<span class=\"elementor-button-text\">+45 40 388 389<\/span>\n\t\t\t\t\t<\/span>\n\t\t\t\t\t<\/a>\n\t\t\t\t<\/div>\n\t\t\t\t\t\t\t\t<\/div>\n\t\t\t\t<\/div>\n\t\t\t\t<div class=\"elementor-element elementor-element-2180 elementor-align-justify mainbutton elementor-widget elementor-widget-global elementor-global-2180 elementor-widget-button\" data-id=\"2180\" data-element_type=\"widget\" data-widget_type=\"button.default\">\n\t\t\t\t<div class=\"elementor-widget-container\">\n\t\t\t\t\t\t\t\t\t<div class=\"elementor-button-wrapper\">\n\t\t\t\t\t<a class=\"elementor-button elementor-button-link elementor-size-sm\" href=\"mailto:info@mobilvarme.nu\">\n\t\t\t\t\t\t<span class=\"elementor-button-content-wrapper\">\n\t\t\t\t\t\t<span class=\"elementor-button-icon\">\n\t\t\t\t\t\t\t<\/span>\n\t\t\t\t\t\t\t\t\t<span class=\"elementor-button-text\">info@mobilvarme.nu<\/span>\n\t\t\t\t\t<\/span>\n\t\t\t\t\t<\/a>\n\t\t\t\t<\/div>\n\t\t\t\t\t\t\t\t<\/div>\n\t\t\t\t<\/div>\n\t\t\t\t<\/div>\n\t\t\t\t<\/div>\n\t\t\t\t\t<\/div>\n\t\t\t\t<\/div>\n\t\t<div class=\"elementor-element elementor-element-665a598 e-flex e-con-boxed e-con e-parent\" data-id=\"665a598\" data-element_type=\"container\" data-settings=\"{&quot;background_background&quot;:&quot;classic&quot;}\">\n\t\t\t\t\t<div class=\"e-con-inner\">\n\t\t<div class=\"elementor-element elementor-element-4ade36f e-grid e-con-full e-con e-child\" data-id=\"4ade36f\" data-element_type=\"container\">\n\t\t<div class=\"elementor-element elementor-element-c299c55 e-con-full e-flex e-con e-child\" data-id=\"c299c55\" data-element_type=\"container\">\n\t\t\t\t<div class=\"elementor-element elementor-element-4b80ad8 elementor-view-default elementor-widget elementor-widget-icon\" data-id=\"4b80ad8\" data-element_type=\"widget\" data-widget_type=\"icon.default\">\n\t\t\t\t<div class=\"elementor-widget-container\">\n\t\t\t\t\t\t\t<div class=\"elementor-icon-wrapper\">\n\t\t\t<div class=\"elementor-icon\">\n\t\t\t\t\t\t<\/div>\n\t\t<\/div>\n\t\t\t\t\t\t<\/div>\n\t\t\t\t<\/div>\n\t\t\t\t<div class=\"elementor-element elementor-element-7d2e09e elementor-widget elementor-widget-heading\" data-id=\"7d2e09e\" data-element_type=\"widget\" data-widget_type=\"heading.default\">\n\t\t\t\t<div class=\"elementor-widget-container\">\n\t\t\t\t\t<h3 class=\"elementor-heading-title elementor-size-default\">Flexible Lieferung<\/h3>\t\t\t\t<\/div>\n\t\t\t\t<\/div>\n\t\t\t\t<div class=\"elementor-element elementor-element-0817887 elementor-widget elementor-widget-text-editor\" data-id=\"0817887\" data-element_type=\"widget\" data-widget_type=\"text-editor.default\">\n\t\t\t\t<div class=\"elementor-widget-container\">\n\t\t\t\t\t\t\t\t\t<p>Wir sind flexibel und bieten einen schnellen und effizienten Service. Wir bem\u00fchen uns, Ihre Bed\u00fcrfnisse unabh\u00e4ngig von Zeit und Situation zu erf\u00fcllen<\/p>\t\t\t\t\t\t\t\t<\/div>\n\t\t\t\t<\/div>\n\t\t\t\t<\/div>\n\t\t<div class=\"elementor-element elementor-element-73959a0 e-con-full e-flex e-con e-child\" data-id=\"73959a0\" data-element_type=\"container\">\n\t\t\t\t<div class=\"elementor-element elementor-element-98a561c elementor-view-default elementor-widget elementor-widget-icon\" data-id=\"98a561c\" data-element_type=\"widget\" data-widget_type=\"icon.default\">\n\t\t\t\t<div class=\"elementor-widget-container\">\n\t\t\t\t\t\t\t<div class=\"elementor-icon-wrapper\">\n\t\t\t<div class=\"elementor-icon\">\n\t\t\t\t\t\t<\/div>\n\t\t<\/div>\n\t\t\t\t\t\t<\/div>\n\t\t\t\t<\/div>\n\t\t\t\t<div class=\"elementor-element elementor-element-d47a907 elementor-widget elementor-widget-heading\" data-id=\"d47a907\" data-element_type=\"widget\" data-widget_type=\"heading.default\">\n\t\t\t\t<div class=\"elementor-widget-container\">\n\t\t\t\t\t<h3 class=\"elementor-heading-title elementor-size-default\">Laufender Dienst<\/h3>\t\t\t\t<\/div>\n\t\t\t\t<\/div>\n\t\t\t\t<div class=\"elementor-element elementor-element-cfe2ad0 elementor-widget elementor-widget-text-editor\" data-id=\"cfe2ad0\" data-element_type=\"widget\" data-widget_type=\"text-editor.default\">\n\t\t\t\t<div class=\"elementor-widget-container\">\n\t\t\t\t\t\t\t\t\t<p>Wir sorgen f\u00fcr die laufende Wartung und \u00dcberwachung der mobilen Heizzentrale, die wir Ihnen liefern, einschlie\u00dflich \u00d6lf\u00fcllung, 24-Stunden-\u00dcberwachung usw.<\/p>\t\t\t\t\t\t\t\t<\/div>\n\t\t\t\t<\/div>\n\t\t\t\t<\/div>\n\t\t<div class=\"elementor-element elementor-element-1e60600 e-con-full e-flex e-con e-child\" data-id=\"1e60600\" data-element_type=\"container\">\n\t\t\t\t<div class=\"elementor-element elementor-element-68dd317 elementor-view-default elementor-widget elementor-widget-icon\" data-id=\"68dd317\" data-element_type=\"widget\" data-widget_type=\"icon.default\">\n\t\t\t\t<div class=\"elementor-widget-container\">\n\t\t\t\t\t\t\t<div class=\"elementor-icon-wrapper\">\n\t\t\t<div class=\"elementor-icon\">\n\t\t\t\t\t\t<\/div>\n\t\t<\/div>\n\t\t\t\t\t\t<\/div>\n\t\t\t\t<\/div>\n\t\t\t\t<div class=\"elementor-element elementor-element-dc4b875 elementor-widget elementor-widget-heading\" data-id=\"dc4b875\" data-element_type=\"widget\" data-widget_type=\"heading.default\">\n\t\t\t\t<div class=\"elementor-widget-container\">\n\t\t\t\t\t<h3 class=\"elementor-heading-title elementor-size-default\">Gro\u00dfes Fachwissen<\/h3>\t\t\t\t<\/div>\n\t\t\t\t<\/div>\n\t\t\t\t<div class=\"elementor-element elementor-element-627b33a elementor-widget elementor-widget-text-editor\" data-id=\"627b33a\" data-element_type=\"widget\" data-widget_type=\"text-editor.default\">\n\t\t\t\t<div class=\"elementor-widget-container\">\n\t\t\t\t\t\t\t\t\t<p>Mobilvarme.nu ist Ihr professioneller Anbieter von mobilen Heizzentralen. Wir bieten eine effiziente und sichere Einrichtung in jeder Situation.<\/p>\t\t\t\t\t\t\t\t<\/div>\n\t\t\t\t<\/div>\n\t\t\t\t<\/div>\n\t\t<div class=\"elementor-element elementor-element-2c4f812 e-con-full e-flex e-con e-child\" data-id=\"2c4f812\" data-element_type=\"container\">\n\t\t\t\t<div class=\"elementor-element elementor-element-0aaab68 elementor-view-default elementor-widget elementor-widget-icon\" data-id=\"0aaab68\" data-element_type=\"widget\" data-widget_type=\"icon.default\">\n\t\t\t\t<div class=\"elementor-widget-container\">\n\t\t\t\t\t\t\t<div class=\"elementor-icon-wrapper\">\n\t\t\t<div class=\"elementor-icon\">\n\t\t\t\t\t\t<\/div>\n\t\t<\/div>\n\t\t\t\t\t\t<\/div>\n\t\t\t\t<\/div>\n\t\t\t\t<div class=\"elementor-element elementor-element-79700cb elementor-widget elementor-widget-heading\" data-id=\"79700cb\" data-element_type=\"widget\" data-widget_type=\"heading.default\">\n\t\t\t\t<div class=\"elementor-widget-container\">\n\t\t\t\t\t<h3 class=\"elementor-heading-title elementor-size-default\">G\u00fcnstige Preise<\/h3>\t\t\t\t<\/div>\n\t\t\t\t<\/div>\n\t\t\t\t<div class=\"elementor-element elementor-element-421b386 elementor-widget elementor-widget-text-editor\" data-id=\"421b386\" data-element_type=\"widget\" data-widget_type=\"text-editor.default\">\n\t\t\t\t<div class=\"elementor-widget-container\">\n\t\t\t\t\t\t\t\t\t<p>Bei uns finden Sie immer die wettbewerbsf\u00e4higsten Preise f\u00fcr die Vermietung von mobilen Heizcontainern in D\u00e4nemark. Dar\u00fcber hinaus gibt es eine Reihe weiterer Vorteile.<\/p>\t\t\t\t\t\t\t\t<\/div>\n\t\t\t\t<\/div>\n\t\t\t\t<\/div>\n\t\t\t\t<\/div>\n\t\t\t\t\t<\/div>\n\t\t\t\t<\/div>\n\t\t<div class=\"elementor-element elementor-element-e86684a e-flex e-con-boxed e-con e-parent\" data-id=\"e86684a\" data-element_type=\"container\">\n\t\t\t\t\t<div class=\"e-con-inner\">\n\t\t\t\t<div class=\"elementor-element elementor-element-d1184a9 elementor-widget__width-initial elementor-widget-tablet__width-inherit elementor-widget elementor-widget-image\" data-id=\"d1184a9\" data-element_type=\"widget\" data-widget_type=\"image.default\">\n\t\t\t\t<div class=\"elementor-widget-container\">\n\t\t\t\t\t\t\t\t\t\t\t\t\t\t\t<img fetchpriority=\"high\" decoding=\"async\" width=\"800\" height=\"600\" src=\"https:\/\/mobilvarme.nu\/de\/wp-content\/uploads\/sites\/3\/2025\/10\/img-8144-1920x1440-1.jpg\" class=\"attachment-large size-large wp-image-2369\" alt=\"\" srcset=\"https:\/\/mobilvarme.nu\/de\/wp-content\/uploads\/sites\/3\/2025\/10\/img-8144-1920x1440-1.jpg 900w, https:\/\/mobilvarme.nu\/de\/wp-content\/uploads\/sites\/3\/2025\/10\/img-8144-1920x1440-1-300x225.jpg 300w, https:\/\/mobilvarme.nu\/de\/wp-content\/uploads\/sites\/3\/2025\/10\/img-8144-1920x1440-1-768x576.jpg 768w\" sizes=\"(max-width: 800px) 100vw, 800px\" \/>\t\t\t\t\t\t\t\t\t\t\t\t\t\t\t<\/div>\n\t\t\t\t<\/div>\n\t\t<div class=\"elementor-element elementor-element-8b1eed6 e-con-full e-flex e-con e-child\" data-id=\"8b1eed6\" data-element_type=\"container\">\n\t\t\t\t<div class=\"elementor-element elementor-element-2c29c2e elementor-widget__width-inherit elementor-widget elementor-widget-heading\" data-id=\"2c29c2e\" data-element_type=\"widget\" data-widget_type=\"heading.default\">\n\t\t\t\t<div class=\"elementor-widget-container\">\n\t\t\t\t\t<h2 class=\"elementor-heading-title elementor-size-default\">Langj\u00e4hrige Erfahrung in der Bereitstellung von tempor\u00e4rer und mobiler Heizung<\/h2>\t\t\t\t<\/div>\n\t\t\t\t<\/div>\n\t\t\t\t<div class=\"elementor-element elementor-element-734f35a elementor-widget__width-inherit elementor-widget elementor-widget-text-editor\" data-id=\"734f35a\" data-element_type=\"widget\" data-widget_type=\"text-editor.default\">\n\t\t\t\t<div class=\"elementor-widget-container\">\n\t\t\t\t\t\t\t\t\t<p>Wir sind in ganz D\u00e4nemark t\u00e4tig und haben wettbewerbsf\u00e4hige Preise! Wir haben uns durch viele Arten von mobilen Heizungseins\u00e4tzen ein gro\u00dfes Fachwissen angeeignet. Wir haben umfangreiche Erfahrungen auf diesem Gebiet. Dies gibt uns die F\u00e4higkeit, die richtigen L\u00f6sungen zu finden. Dies erg\u00e4nzt unser hohes Serviceniveau, das zu unserer hohen Kundenzufriedenheit beitr\u00e4gt.<\/p>\t\t\t\t\t\t\t\t<\/div>\n\t\t\t\t<\/div>\n\t\t\t\t<\/div>\n\t\t\t\t\t<\/div>\n\t\t\t\t<\/div>\n\t\t<div class=\"elementor-element elementor-element-944a27e e-flex e-con-boxed e-con e-parent\" data-id=\"944a27e\" data-element_type=\"container\">\n\t\t\t\t\t<div class=\"e-con-inner\">\n\t\t\t\t<div class=\"elementor-element elementor-element-e315966 elementor-widget-tablet__width-inherit elementor-widget elementor-widget-heading\" data-id=\"e315966\" data-element_type=\"widget\" data-widget_type=\"heading.default\">\n\t\t\t\t<div class=\"elementor-widget-container\">\n\t\t\t\t\t<h2 class=\"elementor-heading-title elementor-size-default\">Professioneller Anbieter von mobilen tempor\u00e4ren Heizungen<\/h2>\t\t\t\t<\/div>\n\t\t\t\t<\/div>\n\t\t\t\t<div class=\"elementor-element elementor-element-f2a1910 elementor-widget-tablet__width-inherit elementor-widget elementor-widget-text-editor\" data-id=\"f2a1910\" data-element_type=\"widget\" data-widget_type=\"text-editor.default\">\n\t\t\t\t<div class=\"elementor-widget-container\">\n\t\t\t\t\t\t\t\t\t<p>mobilvarme.nu ist Ihr professioneller Anbieter von mobilen Heizzentralen und tempor\u00e4ren Heizungen. Wir sorgen f\u00fcr einen effizienten und sicheren Aufbau in jeder Situation. Wenn Sie Beratung oder Anleitung ben\u00f6tigen, steht Ihnen unser Fachwissen jederzeit zur Verf\u00fcgung. Wir beraten Sie auf der Grundlage unserer langj\u00e4hrigen Erfahrung.<\/p><p>Unser B\u00fcro und unsere Werkstatt befinden sich in R\u00f8rvig und R\u00f8dovre, w\u00e4hrend unsere Container mit mobilen Heizzentralen in unserem Lager in Hedehusene untergebracht sind.<\/p><p>Haben Sie Fragen oder m\u00f6chten Sie uns aus einem anderen Grund kontaktieren? Klicken Sie hier f\u00fcr unsere <a href=\"https:\/\/mobilvarme.nu\/kontaktoplysninger\/\">Kontaktinformationen<\/a>!<\/p>\t\t\t\t\t\t\t\t<\/div>\n\t\t\t\t<\/div>\n\t\t\t\t\t<\/div>\n\t\t\t\t<\/div>\n\t\t<div class=\"elementor-element elementor-element-70568cf e-flex e-con-boxed e-con e-parent\" data-id=\"70568cf\" data-element_type=\"container\" data-settings=\"{&quot;background_background&quot;:&quot;classic&quot;}\">\n\t\t\t\t\t<div class=\"e-con-inner\">\n\t\t\t\t<div class=\"elementor-element elementor-element-87df1a7 elementor-widget-tablet__width-inherit elementor-widget elementor-widget-heading\" data-id=\"87df1a7\" data-element_type=\"widget\" data-widget_type=\"heading.default\">\n\t\t\t\t<div class=\"elementor-widget-container\">\n\t\t\t\t\t<h2 class=\"elementor-heading-title elementor-size-default\">Mieten Sie eine mobile Heizzentrale - f\u00fcr Ihren Bedarf<\/h2>\t\t\t\t<\/div>\n\t\t\t\t<\/div>\n\t\t\t\t<div class=\"elementor-element elementor-element-717244e elementor-widget-tablet__width-inherit elementor-widget elementor-widget-text-editor\" data-id=\"717244e\" data-element_type=\"widget\" data-widget_type=\"text-editor.default\">\n\t\t\t\t<div class=\"elementor-widget-container\">\n\t\t\t\t\t\t\t\t\t<p>Bei mobilvarme.nu haben Sie die M\u00f6glichkeit, eine mobile Heizzentrale zu mieten, um Ihren W\u00e4rmebedarf zu decken, wenn Ihre \u00fcbliche W\u00e4rmeversorgung ausf\u00e4llt. Dabei spielt es keine Rolle, ob es sich um Privath\u00e4user und -grundst\u00fccke oder um gro\u00dfe Fl\u00e4chen wie Au\u00dfenpl\u00e4tze, Baustellen usw. handelt.<\/p><p>Alle unsere Heizzentralen sind leicht zu transportieren und \u00fcberall dort einzubauen, wo sie ben\u00f6tigt werden. Sie sind in Containern untergebracht, die wir mit einem Lastwagen und einem Kran zu Ihnen bringen k\u00f6nnen. Auf diese Weise k\u00f6nnen wir sicherstellen, dass wir schnell auf unsere mobilen Heizzentralen zugreifen k\u00f6nnen, so dass wir kurzfristig zu Ihnen fahren k\u00f6nnen. Auf diese Weise sind die Heizzentralen von mobilvarme.nu eine einladende und attraktive Methode, die in vielen verschiedenen Situationen eingesetzt werden kann.<\/p>\t\t\t\t\t\t\t\t<\/div>\n\t\t\t\t<\/div>\n\t\t\t\t\t<\/div>\n\t\t\t\t<\/div>\n\t\t\t\t<\/div>\n\t\t","protected":false},"excerpt":{"rendered":"<p>Zwischenheizung von mobilvarme.nu mobilvarme.nu ist spezialisiert auf die Lieferung von mobilen Heizzentralen und Zwischenheizungen. Wir geh\u00f6rten zu den Ersten auf dem Markt, die diese Form der mobilen Heizzentrale anboten. Seitdem liefern wir seit 2003 mobile Heizzentralen mit einem hohen Ma\u00df an Kundenzufriedenheit. Flexible Lieferung Wir sind flexibel und bieten einen schnellen und effizienten Service. Wir [&hellip;]<\/p>\n","protected":false},"author":2,"featured_media":0,"parent":0,"menu_order":0,"comment_status":"closed","ping_status":"closed","template":"","meta":{"_acf_changed":false,"inline_featured_image":false,"footnotes":""},"class_list":["post-2300","page","type-page","status-publish","hentry"],"acf":[],"yoast_head":"<!-- This site is optimized with the Yoast SEO plugin v26.3 - https:\/\/yoast.com\/wordpress\/plugins\/seo\/ -->\n<title>\u00dcbergangsheizung \u2713 Zentralheizung \u2713 Mobile Heizung \u2713<\/title>\n<meta name=\"description\" content=\"Wir \u00fcber uns in K\u00fcrze - mobilvarme.nu hat langj\u00e4hrige Erfahrung mit mobilen Heizzentralen, Zwischenheizungen &amp; W\u00e4rmespeichern \u2713 Wir sind Ihre Spezialisten!\" \/>\n<meta name=\"robots\" content=\"index, follow, max-snippet:-1, max-image-preview:large, max-video-preview:-1\" \/>\n<link rel=\"canonical\" href=\"https:\/\/mobilvarme.nu\/de\/ubergangsheizung-von-mobilvarme-nu\/\" \/>\n<meta property=\"og:locale\" content=\"da_DK\" \/>\n<meta property=\"og:type\" content=\"article\" \/>\n<meta property=\"og:title\" content=\"\u00dcbergangsheizung \u2713 Zentralheizung \u2713 Mobile Heizung \u2713\" \/>\n<meta property=\"og:description\" content=\"Wir \u00fcber uns in K\u00fcrze - mobilvarme.nu hat langj\u00e4hrige Erfahrung mit mobilen Heizzentralen, Zwischenheizungen &amp; W\u00e4rmespeichern \u2713 Wir sind Ihre Spezialisten!\" \/>\n<meta property=\"og:url\" content=\"https:\/\/mobilvarme.nu\/de\/ubergangsheizung-von-mobilvarme-nu\/\" \/>\n<meta property=\"og:site_name\" content=\"MOBILEVARME.NU ApS DE\" \/>\n<meta property=\"article:modified_time\" content=\"2026-01-15T10:11:31+00:00\" \/>\n<meta property=\"og:image\" content=\"https:\/\/mobilvarme.nu\/wp-content\/uploads\/2025\/10\/img-8144-1920x1440-1.jpg\" \/>\n<meta name=\"twitter:card\" content=\"summary_large_image\" \/>\n<meta name=\"twitter:label1\" content=\"Estimeret l\u00e6setid\" \/>\n\t<meta name=\"twitter:data1\" content=\"3 minutter\" \/>\n<script type=\"application\/ld+json\" class=\"yoast-schema-graph\">{\"@context\":\"https:\/\/schema.org\",\"@graph\":[{\"@type\":\"WebPage\",\"@id\":\"https:\/\/mobilvarme.nu\/de\/ubergangsheizung-von-mobilvarme-nu\/\",\"url\":\"https:\/\/mobilvarme.nu\/de\/ubergangsheizung-von-mobilvarme-nu\/\",\"name\":\"\u00dcbergangsheizung \u2713 Zentralheizung \u2713 Mobile Heizung \u2713\",\"isPartOf\":{\"@id\":\"https:\/\/mobilvarme.nu\/de\/#website\"},\"primaryImageOfPage\":{\"@id\":\"https:\/\/mobilvarme.nu\/de\/ubergangsheizung-von-mobilvarme-nu\/#primaryimage\"},\"image\":{\"@id\":\"https:\/\/mobilvarme.nu\/de\/ubergangsheizung-von-mobilvarme-nu\/#primaryimage\"},\"thumbnailUrl\":\"https:\/\/mobilvarme.nu\/de\/wp-content\/uploads\/sites\/3\/2025\/10\/img-8144-1920x1440-1.jpg\",\"datePublished\":\"2025-10-29T09:22:19+00:00\",\"dateModified\":\"2026-01-15T10:11:31+00:00\",\"description\":\"Wir \u00fcber uns in K\u00fcrze - mobilvarme.nu hat langj\u00e4hrige Erfahrung mit mobilen Heizzentralen, Zwischenheizungen &amp; W\u00e4rmespeichern \u2713 Wir sind Ihre Spezialisten!\",\"breadcrumb\":{\"@id\":\"https:\/\/mobilvarme.nu\/de\/ubergangsheizung-von-mobilvarme-nu\/#breadcrumb\"},\"inLanguage\":\"da-DK\",\"potentialAction\":[{\"@type\":\"ReadAction\",\"target\":[\"https:\/\/mobilvarme.nu\/de\/ubergangsheizung-von-mobilvarme-nu\/\"]}]},{\"@type\":\"ImageObject\",\"inLanguage\":\"da-DK\",\"@id\":\"https:\/\/mobilvarme.nu\/de\/ubergangsheizung-von-mobilvarme-nu\/#primaryimage\",\"url\":\"https:\/\/mobilvarme.nu\/de\/wp-content\/uploads\/sites\/3\/2025\/10\/img-8144-1920x1440-1.jpg\",\"contentUrl\":\"https:\/\/mobilvarme.nu\/de\/wp-content\/uploads\/sites\/3\/2025\/10\/img-8144-1920x1440-1.jpg\",\"width\":900,\"height\":675},{\"@type\":\"BreadcrumbList\",\"@id\":\"https:\/\/mobilvarme.nu\/de\/ubergangsheizung-von-mobilvarme-nu\/#breadcrumb\",\"itemListElement\":[{\"@type\":\"ListItem\",\"position\":1,\"name\":\"Hjem\",\"item\":\"https:\/\/mobilvarme.nu\/de\/\"},{\"@type\":\"ListItem\",\"position\":2,\"name\":\"\u00dcbergangsheizung von Mobilvarme.nu\"}]},{\"@type\":\"WebSite\",\"@id\":\"https:\/\/mobilvarme.nu\/de\/#website\",\"url\":\"https:\/\/mobilvarme.nu\/de\/\",\"name\":\"MOBILEVARME.NU ApS DE\",\"description\":\"\",\"publisher\":{\"@id\":\"https:\/\/mobilvarme.nu\/de\/#organization\"},\"potentialAction\":[{\"@type\":\"SearchAction\",\"target\":{\"@type\":\"EntryPoint\",\"urlTemplate\":\"https:\/\/mobilvarme.nu\/de\/?s={search_term_string}\"},\"query-input\":{\"@type\":\"PropertyValueSpecification\",\"valueRequired\":true,\"valueName\":\"search_term_string\"}}],\"inLanguage\":\"da-DK\"},{\"@type\":\"Organization\",\"@id\":\"https:\/\/mobilvarme.nu\/de\/#organization\",\"name\":\"MOBILEVARME.NU ApS DE\",\"url\":\"https:\/\/mobilvarme.nu\/de\/\",\"logo\":{\"@type\":\"ImageObject\",\"inLanguage\":\"da-DK\",\"@id\":\"https:\/\/mobilvarme.nu\/de\/#\/schema\/logo\/image\/\",\"url\":\"https:\/\/mobilvarme.nu\/de\/wp-content\/uploads\/sites\/3\/2024\/10\/Logo.png\",\"contentUrl\":\"https:\/\/mobilvarme.nu\/de\/wp-content\/uploads\/sites\/3\/2024\/10\/Logo.png\",\"width\":292,\"height\":26,\"caption\":\"MOBILEVARME.NU ApS DE\"},\"image\":{\"@id\":\"https:\/\/mobilvarme.nu\/de\/#\/schema\/logo\/image\/\"}}]}<\/script>\n<!-- \/ Yoast SEO plugin. -->","yoast_head_json":{"title":"\u00dcbergangsheizung \u2713 Zentralheizung \u2713 Mobile Heizung \u2713","description":"Wir \u00fcber uns in K\u00fcrze - mobilvarme.nu hat langj\u00e4hrige Erfahrung mit mobilen Heizzentralen, Zwischenheizungen &amp; W\u00e4rmespeichern \u2713 Wir sind Ihre Spezialisten!","robots":{"index":"index","follow":"follow","max-snippet":"max-snippet:-1","max-image-preview":"max-image-preview:large","max-video-preview":"max-video-preview:-1"},"canonical":"https:\/\/mobilvarme.nu\/de\/ubergangsheizung-von-mobilvarme-nu\/","og_locale":"da_DK","og_type":"article","og_title":"\u00dcbergangsheizung \u2713 Zentralheizung \u2713 Mobile Heizung \u2713","og_description":"Wir \u00fcber uns in K\u00fcrze - mobilvarme.nu hat langj\u00e4hrige Erfahrung mit mobilen Heizzentralen, Zwischenheizungen &amp; W\u00e4rmespeichern \u2713 Wir sind Ihre Spezialisten!","og_url":"https:\/\/mobilvarme.nu\/de\/ubergangsheizung-von-mobilvarme-nu\/","og_site_name":"MOBILEVARME.NU ApS DE","article_modified_time":"2026-01-15T10:11:31+00:00","og_image":[{"url":"https:\/\/mobilvarme.nu\/wp-content\/uploads\/2025\/10\/img-8144-1920x1440-1.jpg","type":"","width":"","height":""}],"twitter_card":"summary_large_image","twitter_misc":{"Estimeret l\u00e6setid":"3 minutter"},"schema":{"@context":"https:\/\/schema.org","@graph":[{"@type":"WebPage","@id":"https:\/\/mobilvarme.nu\/de\/ubergangsheizung-von-mobilvarme-nu\/","url":"https:\/\/mobilvarme.nu\/de\/ubergangsheizung-von-mobilvarme-nu\/","name":"\u00dcbergangsheizung \u2713 Zentralheizung \u2713 Mobile Heizung \u2713","isPartOf":{"@id":"https:\/\/mobilvarme.nu\/de\/#website"},"primaryImageOfPage":{"@id":"https:\/\/mobilvarme.nu\/de\/ubergangsheizung-von-mobilvarme-nu\/#primaryimage"},"image":{"@id":"https:\/\/mobilvarme.nu\/de\/ubergangsheizung-von-mobilvarme-nu\/#primaryimage"},"thumbnailUrl":"https:\/\/mobilvarme.nu\/de\/wp-content\/uploads\/sites\/3\/2025\/10\/img-8144-1920x1440-1.jpg","datePublished":"2025-10-29T09:22:19+00:00","dateModified":"2026-01-15T10:11:31+00:00","description":"Wir \u00fcber uns in K\u00fcrze - mobilvarme.nu hat langj\u00e4hrige Erfahrung mit mobilen Heizzentralen, Zwischenheizungen &amp; W\u00e4rmespeichern \u2713 Wir sind Ihre Spezialisten!","breadcrumb":{"@id":"https:\/\/mobilvarme.nu\/de\/ubergangsheizung-von-mobilvarme-nu\/#breadcrumb"},"inLanguage":"da-DK","potentialAction":[{"@type":"ReadAction","target":["https:\/\/mobilvarme.nu\/de\/ubergangsheizung-von-mobilvarme-nu\/"]}]},{"@type":"ImageObject","inLanguage":"da-DK","@id":"https:\/\/mobilvarme.nu\/de\/ubergangsheizung-von-mobilvarme-nu\/#primaryimage","url":"https:\/\/mobilvarme.nu\/de\/wp-content\/uploads\/sites\/3\/2025\/10\/img-8144-1920x1440-1.jpg","contentUrl":"https:\/\/mobilvarme.nu\/de\/wp-content\/uploads\/sites\/3\/2025\/10\/img-8144-1920x1440-1.jpg","width":900,"height":675},{"@type":"BreadcrumbList","@id":"https:\/\/mobilvarme.nu\/de\/ubergangsheizung-von-mobilvarme-nu\/#breadcrumb","itemListElement":[{"@type":"ListItem","position":1,"name":"Hjem","item":"https:\/\/mobilvarme.nu\/de\/"},{"@type":"ListItem","position":2,"name":"\u00dcbergangsheizung von Mobilvarme.nu"}]},{"@type":"WebSite","@id":"https:\/\/mobilvarme.nu\/de\/#website","url":"https:\/\/mobilvarme.nu\/de\/","name":"MOBILEVARME.NU ApS DE","description":"","publisher":{"@id":"https:\/\/mobilvarme.nu\/de\/#organization"},"potentialAction":[{"@type":"SearchAction","target":{"@type":"EntryPoint","urlTemplate":"https:\/\/mobilvarme.nu\/de\/?s={search_term_string}"},"query-input":{"@type":"PropertyValueSpecification","valueRequired":true,"valueName":"search_term_string"}}],"inLanguage":"da-DK"},{"@type":"Organization","@id":"https:\/\/mobilvarme.nu\/de\/#organization","name":"MOBILEVARME.NU ApS DE","url":"https:\/\/mobilvarme.nu\/de\/","logo":{"@type":"ImageObject","inLanguage":"da-DK","@id":"https:\/\/mobilvarme.nu\/de\/#\/schema\/logo\/image\/","url":"https:\/\/mobilvarme.nu\/de\/wp-content\/uploads\/sites\/3\/2024\/10\/Logo.png","contentUrl":"https:\/\/mobilvarme.nu\/de\/wp-content\/uploads\/sites\/3\/2024\/10\/Logo.png","width":292,"height":26,"caption":"MOBILEVARME.NU ApS DE"},"image":{"@id":"https:\/\/mobilvarme.nu\/de\/#\/schema\/logo\/image\/"}}]}},"_links":{"self":[{"href":"https:\/\/mobilvarme.nu\/de\/wp-json\/wp\/v2\/pages\/2300","targetHints":{"allow":["GET"]}}],"collection":[{"href":"https:\/\/mobilvarme.nu\/de\/wp-json\/wp\/v2\/pages"}],"about":[{"href":"https:\/\/mobilvarme.nu\/de\/wp-json\/wp\/v2\/types\/page"}],"author":[{"embeddable":true,"href":"https:\/\/mobilvarme.nu\/de\/wp-json\/wp\/v2\/users\/2"}],"replies":[{"embeddable":true,"href":"https:\/\/mobilvarme.nu\/de\/wp-json\/wp\/v2\/comments?post=2300"}],"version-history":[{"count":0,"href":"https:\/\/mobilvarme.nu\/de\/wp-json\/wp\/v2\/pages\/2300\/revisions"}],"wp:attachment":[{"href":"https:\/\/mobilvarme.nu\/de\/wp-json\/wp\/v2\/media?parent=2300"}],"curies":[{"name":"wp","href":"https:\/\/api.w.org\/{rel}","templated":true}]}}