{"id":2301,"date":"2025-10-29T10:21:50","date_gmt":"2025-10-29T09:21:50","guid":{"rendered":"https:\/\/mobilvarme.nu\/?page_id=2301"},"modified":"2026-01-16T13:12:50","modified_gmt":"2026-01-16T12:12:50","slug":"kontaktangaben","status":"publish","type":"page","link":"https:\/\/mobilvarme.nu\/de\/kontaktangaben\/","title":{"rendered":"Kontaktangaben"},"content":{"rendered":"\t\t<div data-elementor-type=\"wp-page\" data-elementor-id=\"2301\" class=\"elementor elementor-2301\" data-elementor-post-type=\"page\">\n\t\t\t\t<div class=\"elementor-element elementor-element-9cebf97 e-flex e-con-boxed e-con e-parent\" data-id=\"9cebf97\" data-element_type=\"container\" data-settings=\"{&quot;background_background&quot;:&quot;classic&quot;}\">\n\t\t\t\t\t<div class=\"e-con-inner\">\n\t\t<div class=\"elementor-element elementor-element-db6e04a e-con-full e-flex e-con e-child\" data-id=\"db6e04a\" data-element_type=\"container\" data-settings=\"{&quot;background_background&quot;:&quot;classic&quot;}\">\n\t\t\t\t<div class=\"elementor-element elementor-element-558c194 elementor-widget elementor-widget-heading\" data-id=\"558c194\" data-element_type=\"widget\" data-widget_type=\"heading.default\">\n\t\t\t\t<div class=\"elementor-widget-container\">\n\t\t\t\t\t<h1 class=\"elementor-heading-title elementor-size-default\">Kontaktangaben<\/h1>\t\t\t\t<\/div>\n\t\t\t\t<\/div>\n\t\t\t\t<div class=\"elementor-element elementor-element-8919a80 elementor-widget elementor-widget-text-editor\" data-id=\"8919a80\" data-element_type=\"widget\" data-widget_type=\"text-editor.default\">\n\t\t\t\t<div class=\"elementor-widget-container\">\n\t\t\t\t\t\t\t\t\t<p>mobilvarme.nu hat sich auf die Lieferung von mobilen Heizzentralen spezialisiert. mobilvarme.nu war einer der ersten Anbieter auf dem Markt f\u00fcr mobile Heizzentralen und liefert seit 2003 mobile Heizzentralen.<\/p>\t\t\t\t\t\t\t\t<\/div>\n\t\t\t\t<\/div>\n\t\t<div class=\"elementor-element elementor-element-2cd6c1e e-con-full e-flex e-con e-child\" data-id=\"2cd6c1e\" data-element_type=\"container\">\n\t\t\t\t<div class=\"elementor-element elementor-element-2177 elementor-align-justify mainbutton elementor-widget elementor-widget-global elementor-global-2177 elementor-widget-button\" data-id=\"2177\" data-element_type=\"widget\" data-widget_type=\"button.default\">\n\t\t\t\t<div class=\"elementor-widget-container\">\n\t\t\t\t\t\t\t\t\t<div class=\"elementor-button-wrapper\">\n\t\t\t\t\t<a class=\"elementor-button elementor-button-link elementor-size-sm\" href=\"tel:+4540388389\">\n\t\t\t\t\t\t<span class=\"elementor-button-content-wrapper\">\n\t\t\t\t\t\t<span class=\"elementor-button-icon\">\n\t\t\t\t\t\t\t<\/span>\n\t\t\t\t\t\t\t\t\t<span class=\"elementor-button-text\">+45 40 388 389<\/span>\n\t\t\t\t\t<\/span>\n\t\t\t\t\t<\/a>\n\t\t\t\t<\/div>\n\t\t\t\t\t\t\t\t<\/div>\n\t\t\t\t<\/div>\n\t\t\t\t<div class=\"elementor-element elementor-element-2180 elementor-align-justify mainbutton elementor-widget elementor-widget-global elementor-global-2180 elementor-widget-button\" data-id=\"2180\" data-element_type=\"widget\" data-widget_type=\"button.default\">\n\t\t\t\t<div class=\"elementor-widget-container\">\n\t\t\t\t\t\t\t\t\t<div class=\"elementor-button-wrapper\">\n\t\t\t\t\t<a class=\"elementor-button elementor-button-link elementor-size-sm\" href=\"mailto:info@mobilvarme.nu\">\n\t\t\t\t\t\t<span class=\"elementor-button-content-wrapper\">\n\t\t\t\t\t\t<span class=\"elementor-button-icon\">\n\t\t\t\t\t\t\t<\/span>\n\t\t\t\t\t\t\t\t\t<span class=\"elementor-button-text\">info@mobilvarme.nu<\/span>\n\t\t\t\t\t<\/span>\n\t\t\t\t\t<\/a>\n\t\t\t\t<\/div>\n\t\t\t\t\t\t\t\t<\/div>\n\t\t\t\t<\/div>\n\t\t\t\t<\/div>\n\t\t\t\t<\/div>\n\t\t\t\t\t<\/div>\n\t\t\t\t<\/div>\n\t\t<div class=\"elementor-element elementor-element-54ada9e e-flex e-con-boxed e-con e-parent\" data-id=\"54ada9e\" data-element_type=\"container\">\n\t\t\t\t\t<div class=\"e-con-inner\">\n\t\t\t\t<div class=\"elementor-element elementor-element-7a65c0b elementor-widget__width-initial elementor-widget-tablet__width-inherit elementor-widget elementor-widget-image\" data-id=\"7a65c0b\" data-element_type=\"widget\" data-widget_type=\"image.default\">\n\t\t\t\t<div class=\"elementor-widget-container\">\n\t\t\t\t\t\t\t\t\t\t\t\t\t\t\t<img fetchpriority=\"high\" decoding=\"async\" width=\"786\" height=\"590\" src=\"https:\/\/mobilvarme.nu\/de\/wp-content\/uploads\/sites\/3\/2025\/10\/642cad4cba9d5a31f957cd4befe162502bd350b8.jpg\" class=\"attachment-large size-large wp-image-1852\" alt=\"\" srcset=\"https:\/\/mobilvarme.nu\/de\/wp-content\/uploads\/sites\/3\/2025\/10\/642cad4cba9d5a31f957cd4befe162502bd350b8.jpg 786w, https:\/\/mobilvarme.nu\/de\/wp-content\/uploads\/sites\/3\/2025\/10\/642cad4cba9d5a31f957cd4befe162502bd350b8-300x225.jpg 300w, https:\/\/mobilvarme.nu\/de\/wp-content\/uploads\/sites\/3\/2025\/10\/642cad4cba9d5a31f957cd4befe162502bd350b8-768x576.jpg 768w\" sizes=\"(max-width: 786px) 100vw, 786px\" \/>\t\t\t\t\t\t\t\t\t\t\t\t\t\t\t<\/div>\n\t\t\t\t<\/div>\n\t\t<div class=\"elementor-element elementor-element-9e6d1f6 e-con-full e-flex e-con e-child\" data-id=\"9e6d1f6\" data-element_type=\"container\">\n\t\t\t\t<div class=\"elementor-element elementor-element-0e8bdfd elementor-widget__width-inherit elementor-widget elementor-widget-heading\" data-id=\"0e8bdfd\" data-element_type=\"widget\" data-widget_type=\"heading.default\">\n\t\t\t\t<div class=\"elementor-widget-container\">\n\t\t\t\t\t<h2 class=\"elementor-heading-title elementor-size-default\">Informationen<\/h2>\t\t\t\t<\/div>\n\t\t\t\t<\/div>\n\t\t\t\t<div class=\"elementor-element elementor-element-424157e elementor-widget elementor-widget-icon-box\" data-id=\"424157e\" data-element_type=\"widget\" data-widget_type=\"icon-box.default\">\n\t\t\t\t<div class=\"elementor-widget-container\">\n\t\t\t\t\t\t\t<div class=\"elementor-icon-box-wrapper\">\n\n\t\t\t\n\t\t\t\t\t\t<div class=\"elementor-icon-box-content\">\n\n\t\t\t\t\t\t\t\t\t<div class=\"elementor-icon-box-title\">\n\t\t\t\t\t\t<span  >\n\t\t\t\t\t\t\tMobilvarme.nu APS\t\t\t\t\t\t<\/span>\n\t\t\t\t\t<\/div>\n\t\t\t\t\n\t\t\t\t\t\t\t\t\t<p class=\"elementor-icon-box-description\">\n\t\t\t\t\t\tCVR: 27426662\t\t\t\t\t<\/p>\n\t\t\t\t\n\t\t\t<\/div>\n\t\t\t\n\t\t<\/div>\n\t\t\t\t\t\t<\/div>\n\t\t\t\t<\/div>\n\t\t\t\t<div class=\"elementor-element elementor-element-806a106 elementor-list-item-link-inline elementor-icon-list--layout-traditional elementor-widget elementor-widget-icon-list\" data-id=\"806a106\" data-element_type=\"widget\" data-widget_type=\"icon-list.default\">\n\t\t\t\t<div class=\"elementor-widget-container\">\n\t\t\t\t\t\t\t<ul class=\"elementor-icon-list-items\">\n\t\t\t\t\t\t\t<li class=\"elementor-icon-list-item\">\n\t\t\t\t\t\t\t\t\t\t\t<a href=\"tel:+4540388389\">\n\n\t\t\t\t\t\t\t\t\t\t\t\t<span class=\"elementor-icon-list-icon\">\n\t\t\t\t\t\t\t<svg aria-hidden=\"true\" class=\"e-font-icon-svg e-fas-phone\" viewBox=\"0 0 512 512\" xmlns=\"http:\/\/www.w3.org\/2000\/svg\"><path d=\"M493.4 24.6l-104-24c-11.3-2.6-22.9 3.3-27.5 13.9l-48 112c-4.2 9.8-1.4 21.3 6.9 28l60.6 49.6c-36 76.7-98.9 140.5-177.2 177.2l-49.6-60.6c-6.8-8.3-18.2-11.1-28-6.9l-112 48C3.9 366.5-2 378.1.6 389.4l24 104C27.1 504.2 36.7 512 48 512c256.1 0 464-207.5 464-464 0-11.2-7.7-20.9-18.6-23.4z\"><\/path><\/svg>\t\t\t\t\t\t<\/span>\n\t\t\t\t\t\t\t\t\t\t<span class=\"elementor-icon-list-text\">Telefon<div>+45 40 388 389<\/div><\/span>\n\t\t\t\t\t\t\t\t\t\t\t<\/a>\n\t\t\t\t\t\t\t\t\t<\/li>\n\t\t\t\t\t\t\t\t<li class=\"elementor-icon-list-item\">\n\t\t\t\t\t\t\t\t\t\t\t<a href=\"mailto:info@mobilvarme.nu\">\n\n\t\t\t\t\t\t\t\t\t\t\t\t<span class=\"elementor-icon-list-icon\">\n\t\t\t\t\t\t\t<svg aria-hidden=\"true\" class=\"e-font-icon-svg e-fas-envelope\" viewBox=\"0 0 512 512\" xmlns=\"http:\/\/www.w3.org\/2000\/svg\"><path d=\"M502.3 190.8c3.9-3.1 9.7-.2 9.7 4.7V400c0 26.5-21.5 48-48 48H48c-26.5 0-48-21.5-48-48V195.6c0-5 5.7-7.8 9.7-4.7 22.4 17.4 52.1 39.5 154.1 113.6 21.1 15.4 56.7 47.8 92.2 47.6 35.7.3 72-32.8 92.3-47.6 102-74.1 131.6-96.3 154-113.7zM256 320c23.2.4 56.6-29.2 73.4-41.4 132.7-96.3 142.8-104.7 173.4-128.7 5.8-4.5 9.2-11.5 9.2-18.9v-19c0-26.5-21.5-48-48-48H48C21.5 64 0 85.5 0 112v19c0 7.4 3.4 14.3 9.2 18.9 30.6 23.9 40.7 32.4 173.4 128.7 16.8 12.2 50.2 41.8 73.4 41.4z\"><\/path><\/svg>\t\t\t\t\t\t<\/span>\n\t\t\t\t\t\t\t\t\t\t<span class=\"elementor-icon-list-text\">E-mail<div>info@mobilvarme.nu<\/div><\/span>\n\t\t\t\t\t\t\t\t\t\t\t<\/a>\n\t\t\t\t\t\t\t\t\t<\/li>\n\t\t\t\t\t\t<\/ul>\n\t\t\t\t\t\t<\/div>\n\t\t\t\t<\/div>\n\t\t\t\t<div class=\"elementor-element elementor-element-d5ecaa5 elementor-position-left elementor-mobile-position-left elementor-view-default elementor-widget elementor-widget-icon-box\" data-id=\"d5ecaa5\" data-element_type=\"widget\" data-widget_type=\"icon-box.default\">\n\t\t\t\t<div class=\"elementor-widget-container\">\n\t\t\t\t\t\t\t<div class=\"elementor-icon-box-wrapper\">\n\n\t\t\t\t\t\t<div class=\"elementor-icon-box-icon\">\n\t\t\t\t<span  class=\"elementor-icon\">\n\t\t\t\t<svg aria-hidden=\"true\" class=\"e-font-icon-svg e-fas-map-marker-alt\" viewBox=\"0 0 384 512\" xmlns=\"http:\/\/www.w3.org\/2000\/svg\"><path d=\"M172.268 501.67C26.97 291.031 0 269.413 0 192 0 85.961 85.961 0 192 0s192 85.961 192 192c0 77.413-26.97 99.031-172.268 309.67-9.535 13.774-29.93 13.773-39.464 0zM192 272c44.183 0 80-35.817 80-80s-35.817-80-80-80-80 35.817-80 80 35.817 80 80 80z\"><\/path><\/svg>\t\t\t\t<\/span>\n\t\t\t<\/div>\n\t\t\t\n\t\t\t\t\t\t<div class=\"elementor-icon-box-content\">\n\n\t\t\t\t\t\t\t\t\t<div class=\"elementor-icon-box-title\">\n\t\t\t\t\t\t<span  >\n\t\t\t\t\t\t\tAdresser\t\t\t\t\t\t<\/span>\n\t\t\t\t\t<\/div>\n\t\t\t\t\n\t\t\t\t\t\t\t\t\t<p class=\"elementor-icon-box-description\">\n\t\t\t\t\t\t<b>B\u00fcro:<\/b><br>\nIslevdalvej 146, 2160 R\u00f8dovre\n<br><br>\n<b>Unterteilung:<\/b><br>\n4581 R\u00f8rvig\n<br><br>\n<b>Lageradresse:<\/b><br>\n2640 Hedehusene\t\t\t\t\t<\/p>\n\t\t\t\t\n\t\t\t<\/div>\n\t\t\t\n\t\t<\/div>\n\t\t\t\t\t\t<\/div>\n\t\t\t\t<\/div>\n\t\t\t\t<div class=\"elementor-element elementor-element-f9948e8 elementor-align-justify elementor-widget elementor-widget-button\" data-id=\"f9948e8\" data-element_type=\"widget\" data-widget_type=\"button.default\">\n\t\t\t\t<div class=\"elementor-widget-container\">\n\t\t\t\t\t\t\t\t\t<div class=\"elementor-button-wrapper\">\n\t\t\t\t\t<a class=\"elementor-button elementor-button-link elementor-size-sm\" href=\"#kontaktos\">\n\t\t\t\t\t\t<span class=\"elementor-button-content-wrapper\">\n\t\t\t\t\t\t<span class=\"elementor-button-icon\">\n\t\t\t\t\t\t\t<\/span>\n\t\t\t\t\t\t\t\t\t<span class=\"elementor-button-text\">Kontakt<\/span>\n\t\t\t\t\t<\/span>\n\t\t\t\t\t<\/a>\n\t\t\t\t<\/div>\n\t\t\t\t\t\t\t\t<\/div>\n\t\t\t\t<\/div>\n\t\t\t\t<\/div>\n\t\t\t\t\t<\/div>\n\t\t\t\t<\/div>\n\t\t<div class=\"elementor-element elementor-element-4ebfdd0 e-grid e-con-boxed e-con e-parent\" data-id=\"4ebfdd0\" data-element_type=\"container\">\n\t\t\t\t\t<div class=\"e-con-inner\">\n\t\t\t\t<div class=\"elementor-element elementor-element-efd3bc1 elementor-widget elementor-widget-html\" data-id=\"efd3bc1\" data-element_type=\"widget\" data-widget_type=\"html.default\">\n\t\t\t\t<div class=\"elementor-widget-container\">\n\t\t\t\t\t<iframe style=\"border: 0;\" src=\"https:\/\/www.google.com\/maps\/embed?pb=!1m18!1m12!1m3!1d17987.92604846125!2d12.41606023939601!3d55.697840903696985!2m3!1f0!2f0!3f0!3m2!1i1024!2i768!4f13.1!3m3!1m2!1s0x465251f021145a7d%3A0xc1e89e8ecf1bee5!2smobilvarme.nu%20ApS!5e0!3m2!1sda!2sdk!4v1661255154202!5m2!1sda!2sdk\" width=\"600\" height=\"450\" allowfullscreen=\"allowfullscreen\"><\/iframe>\t\t\t\t<\/div>\n\t\t\t\t<\/div>\n\t\t\t\t<div class=\"elementor-element elementor-element-ed0339c elementor-widget elementor-widget-html\" data-id=\"ed0339c\" data-element_type=\"widget\" data-widget_type=\"html.default\">\n\t\t\t\t<div class=\"elementor-widget-container\">\n\t\t\t\t\t<iframe style=\"border: 0;\" src=\"https:\/\/www.google.com\/maps\/embed?pb=!1m18!1m12!1m3!1d8932.018556220257!2d11.753543268917527!3d55.966621982947835!2m3!1f0!2f0!3f0!3m2!1i1024!2i768!4f13.1!3m3!1m2!1s0x465274e54dee3667%3A0xc2d4a750f379ff55!2smobilvarme.nu%20ApS!5e0!3m2!1sda!2sdk!4v1661255027808!5m2!1sda!2sdk\" width=\"600\" height=\"450\" allowfullscreen=\"allowfullscreen\"><\/iframe>\t\t\t\t<\/div>\n\t\t\t\t<\/div>\n\t\t\t\t<div class=\"elementor-element elementor-element-279b659 elementor-widget elementor-widget-html\" data-id=\"279b659\" data-element_type=\"widget\" data-widget_type=\"html.default\">\n\t\t\t\t<div class=\"elementor-widget-container\">\n\t\t\t\t\t<iframe style=\"border: 0;\" src=\"https:\/\/www.google.com\/maps\/embed?pb=!1m18!1m12!1m3!1d36016.64391956579!2d12.158489809848533!3d55.65350896142848!2m3!1f0!2f0!3f0!3m2!1i1024!2i768!4f13.1!3m3!1m2!1s0x46525ecfccf8d363%3A0x330ad767c93eb2a7!2s2640%20Hedehusene!5e0!3m2!1sda!2sdk!4v1661255199850!5m2!1sda!2sdk\" width=\"600\" height=\"450\" allowfullscreen=\"allowfullscreen\"><\/iframe>\t\t\t\t<\/div>\n\t\t\t\t<\/div>\n\t\t\t\t\t<\/div>\n\t\t\t\t<\/div>\n\t\t\t\t<\/div>\n\t\t","protected":false},"excerpt":{"rendered":"<p>Kontaktangaben mobilvarme.nu hat sich auf die Lieferung von mobilen Heizzentralen spezialisiert. mobilvarme.nu war einer der ersten Anbieter auf dem Markt f\u00fcr mobile Heizzentralen und liefert seit 2003 mobile Heizzentralen. Informationen Mobilvarme.nu APS CVR: 27426662 Adresser B\u00fcro: Islevdalvej 146, 2160 R\u00f8dovre Unterteilung: 4581 R\u00f8rvig Lageradresse: 2640 Hedehusene Kontakt<\/p>\n","protected":false},"author":2,"featured_media":0,"parent":0,"menu_order":0,"comment_status":"closed","ping_status":"closed","template":"","meta":{"_acf_changed":false,"inline_featured_image":false,"footnotes":""},"class_list":["post-2301","page","type-page","status-publish","hentry"],"acf":[],"yoast_head":"<!-- This site is optimized with the Yoast SEO plugin v26.3 - https:\/\/yoast.com\/wordpress\/plugins\/seo\/ -->\n<title>Mobilvarme.nu | Kontaktinformationen | Lesen Sie hier mehr!<\/title>\n<meta name=\"description\" content=\"Mieten Sie eine mobile Heizzentrale und nehmen Sie uns die Sorgen ab | Wir sind bereit f\u00fcr Notf\u00e4lle und geplante Reparaturen | Kontaktinformationen!\" \/>\n<meta name=\"robots\" content=\"index, follow, max-snippet:-1, max-image-preview:large, max-video-preview:-1\" \/>\n<link rel=\"canonical\" href=\"https:\/\/mobilvarme.nu\/de\/kontaktangaben\/\" \/>\n<meta property=\"og:locale\" content=\"da_DK\" \/>\n<meta property=\"og:type\" content=\"article\" \/>\n<meta property=\"og:title\" content=\"Mobilvarme.nu | Kontaktinformationen | Lesen Sie hier mehr!\" \/>\n<meta property=\"og:description\" content=\"Mieten Sie eine mobile Heizzentrale und nehmen Sie uns die Sorgen ab | Wir sind bereit f\u00fcr Notf\u00e4lle und geplante Reparaturen | Kontaktinformationen!\" \/>\n<meta property=\"og:url\" content=\"https:\/\/mobilvarme.nu\/de\/kontaktangaben\/\" \/>\n<meta property=\"og:site_name\" content=\"MOBILEVARME.NU ApS DE\" \/>\n<meta property=\"article:modified_time\" content=\"2026-01-16T12:12:50+00:00\" \/>\n<meta property=\"og:image\" content=\"https:\/\/mobilvarme.nu\/de\/wp-content\/uploads\/sites\/3\/2025\/10\/642cad4cba9d5a31f957cd4befe162502bd350b8.jpg\" \/>\n\t<meta property=\"og:image:width\" content=\"786\" \/>\n\t<meta property=\"og:image:height\" content=\"590\" \/>\n\t<meta property=\"og:image:type\" content=\"image\/jpeg\" \/>\n<meta name=\"twitter:card\" content=\"summary_large_image\" \/>\n<meta name=\"twitter:label1\" content=\"Estimeret l\u00e6setid\" \/>\n\t<meta name=\"twitter:data1\" content=\"1 minut\" \/>\n<script type=\"application\/ld+json\" class=\"yoast-schema-graph\">{\"@context\":\"https:\/\/schema.org\",\"@graph\":[{\"@type\":\"WebPage\",\"@id\":\"https:\/\/mobilvarme.nu\/de\/kontaktangaben\/\",\"url\":\"https:\/\/mobilvarme.nu\/de\/kontaktangaben\/\",\"name\":\"Mobilvarme.nu | Kontaktinformationen | Lesen Sie hier mehr!\",\"isPartOf\":{\"@id\":\"https:\/\/mobilvarme.nu\/de\/#website\"},\"primaryImageOfPage\":{\"@id\":\"https:\/\/mobilvarme.nu\/de\/kontaktangaben\/#primaryimage\"},\"image\":{\"@id\":\"https:\/\/mobilvarme.nu\/de\/kontaktangaben\/#primaryimage\"},\"thumbnailUrl\":\"https:\/\/mobilvarme.nu\/de\/wp-content\/uploads\/sites\/3\/2025\/10\/642cad4cba9d5a31f957cd4befe162502bd350b8.jpg\",\"datePublished\":\"2025-10-29T09:21:50+00:00\",\"dateModified\":\"2026-01-16T12:12:50+00:00\",\"description\":\"Mieten Sie eine mobile Heizzentrale und nehmen Sie uns die Sorgen ab | Wir sind bereit f\u00fcr Notf\u00e4lle und geplante Reparaturen | Kontaktinformationen!\",\"breadcrumb\":{\"@id\":\"https:\/\/mobilvarme.nu\/de\/kontaktangaben\/#breadcrumb\"},\"inLanguage\":\"da-DK\",\"potentialAction\":[{\"@type\":\"ReadAction\",\"target\":[\"https:\/\/mobilvarme.nu\/de\/kontaktangaben\/\"]}]},{\"@type\":\"ImageObject\",\"inLanguage\":\"da-DK\",\"@id\":\"https:\/\/mobilvarme.nu\/de\/kontaktangaben\/#primaryimage\",\"url\":\"https:\/\/mobilvarme.nu\/de\/wp-content\/uploads\/sites\/3\/2025\/10\/642cad4cba9d5a31f957cd4befe162502bd350b8.jpg\",\"contentUrl\":\"https:\/\/mobilvarme.nu\/de\/wp-content\/uploads\/sites\/3\/2025\/10\/642cad4cba9d5a31f957cd4befe162502bd350b8.jpg\",\"width\":786,\"height\":590},{\"@type\":\"BreadcrumbList\",\"@id\":\"https:\/\/mobilvarme.nu\/de\/kontaktangaben\/#breadcrumb\",\"itemListElement\":[{\"@type\":\"ListItem\",\"position\":1,\"name\":\"Hjem\",\"item\":\"https:\/\/mobilvarme.nu\/de\/\"},{\"@type\":\"ListItem\",\"position\":2,\"name\":\"Kontaktangaben\"}]},{\"@type\":\"WebSite\",\"@id\":\"https:\/\/mobilvarme.nu\/de\/#website\",\"url\":\"https:\/\/mobilvarme.nu\/de\/\",\"name\":\"MOBILEVARME.NU ApS DE\",\"description\":\"\",\"publisher\":{\"@id\":\"https:\/\/mobilvarme.nu\/de\/#organization\"},\"potentialAction\":[{\"@type\":\"SearchAction\",\"target\":{\"@type\":\"EntryPoint\",\"urlTemplate\":\"https:\/\/mobilvarme.nu\/de\/?s={search_term_string}\"},\"query-input\":{\"@type\":\"PropertyValueSpecification\",\"valueRequired\":true,\"valueName\":\"search_term_string\"}}],\"inLanguage\":\"da-DK\"},{\"@type\":\"Organization\",\"@id\":\"https:\/\/mobilvarme.nu\/de\/#organization\",\"name\":\"MOBILEVARME.NU ApS DE\",\"url\":\"https:\/\/mobilvarme.nu\/de\/\",\"logo\":{\"@type\":\"ImageObject\",\"inLanguage\":\"da-DK\",\"@id\":\"https:\/\/mobilvarme.nu\/de\/#\/schema\/logo\/image\/\",\"url\":\"https:\/\/mobilvarme.nu\/de\/wp-content\/uploads\/sites\/3\/2024\/10\/Logo.png\",\"contentUrl\":\"https:\/\/mobilvarme.nu\/de\/wp-content\/uploads\/sites\/3\/2024\/10\/Logo.png\",\"width\":292,\"height\":26,\"caption\":\"MOBILEVARME.NU ApS DE\"},\"image\":{\"@id\":\"https:\/\/mobilvarme.nu\/de\/#\/schema\/logo\/image\/\"}}]}<\/script>\n<!-- \/ Yoast SEO plugin. -->","yoast_head_json":{"title":"Mobilvarme.nu | Kontaktinformationen | Lesen Sie hier mehr!","description":"Mieten Sie eine mobile Heizzentrale und nehmen Sie uns die Sorgen ab | Wir sind bereit f\u00fcr Notf\u00e4lle und geplante Reparaturen | Kontaktinformationen!","robots":{"index":"index","follow":"follow","max-snippet":"max-snippet:-1","max-image-preview":"max-image-preview:large","max-video-preview":"max-video-preview:-1"},"canonical":"https:\/\/mobilvarme.nu\/de\/kontaktangaben\/","og_locale":"da_DK","og_type":"article","og_title":"Mobilvarme.nu | Kontaktinformationen | Lesen Sie hier mehr!","og_description":"Mieten Sie eine mobile Heizzentrale und nehmen Sie uns die Sorgen ab | Wir sind bereit f\u00fcr Notf\u00e4lle und geplante Reparaturen | Kontaktinformationen!","og_url":"https:\/\/mobilvarme.nu\/de\/kontaktangaben\/","og_site_name":"MOBILEVARME.NU ApS DE","article_modified_time":"2026-01-16T12:12:50+00:00","og_image":[{"width":786,"height":590,"url":"https:\/\/mobilvarme.nu\/de\/wp-content\/uploads\/sites\/3\/2025\/10\/642cad4cba9d5a31f957cd4befe162502bd350b8.jpg","type":"image\/jpeg"}],"twitter_card":"summary_large_image","twitter_misc":{"Estimeret l\u00e6setid":"1 minut"},"schema":{"@context":"https:\/\/schema.org","@graph":[{"@type":"WebPage","@id":"https:\/\/mobilvarme.nu\/de\/kontaktangaben\/","url":"https:\/\/mobilvarme.nu\/de\/kontaktangaben\/","name":"Mobilvarme.nu | Kontaktinformationen | Lesen Sie hier mehr!","isPartOf":{"@id":"https:\/\/mobilvarme.nu\/de\/#website"},"primaryImageOfPage":{"@id":"https:\/\/mobilvarme.nu\/de\/kontaktangaben\/#primaryimage"},"image":{"@id":"https:\/\/mobilvarme.nu\/de\/kontaktangaben\/#primaryimage"},"thumbnailUrl":"https:\/\/mobilvarme.nu\/de\/wp-content\/uploads\/sites\/3\/2025\/10\/642cad4cba9d5a31f957cd4befe162502bd350b8.jpg","datePublished":"2025-10-29T09:21:50+00:00","dateModified":"2026-01-16T12:12:50+00:00","description":"Mieten Sie eine mobile Heizzentrale und nehmen Sie uns die Sorgen ab | Wir sind bereit f\u00fcr Notf\u00e4lle und geplante Reparaturen | Kontaktinformationen!","breadcrumb":{"@id":"https:\/\/mobilvarme.nu\/de\/kontaktangaben\/#breadcrumb"},"inLanguage":"da-DK","potentialAction":[{"@type":"ReadAction","target":["https:\/\/mobilvarme.nu\/de\/kontaktangaben\/"]}]},{"@type":"ImageObject","inLanguage":"da-DK","@id":"https:\/\/mobilvarme.nu\/de\/kontaktangaben\/#primaryimage","url":"https:\/\/mobilvarme.nu\/de\/wp-content\/uploads\/sites\/3\/2025\/10\/642cad4cba9d5a31f957cd4befe162502bd350b8.jpg","contentUrl":"https:\/\/mobilvarme.nu\/de\/wp-content\/uploads\/sites\/3\/2025\/10\/642cad4cba9d5a31f957cd4befe162502bd350b8.jpg","width":786,"height":590},{"@type":"BreadcrumbList","@id":"https:\/\/mobilvarme.nu\/de\/kontaktangaben\/#breadcrumb","itemListElement":[{"@type":"ListItem","position":1,"name":"Hjem","item":"https:\/\/mobilvarme.nu\/de\/"},{"@type":"ListItem","position":2,"name":"Kontaktangaben"}]},{"@type":"WebSite","@id":"https:\/\/mobilvarme.nu\/de\/#website","url":"https:\/\/mobilvarme.nu\/de\/","name":"MOBILEVARME.NU ApS DE","description":"","publisher":{"@id":"https:\/\/mobilvarme.nu\/de\/#organization"},"potentialAction":[{"@type":"SearchAction","target":{"@type":"EntryPoint","urlTemplate":"https:\/\/mobilvarme.nu\/de\/?s={search_term_string}"},"query-input":{"@type":"PropertyValueSpecification","valueRequired":true,"valueName":"search_term_string"}}],"inLanguage":"da-DK"},{"@type":"Organization","@id":"https:\/\/mobilvarme.nu\/de\/#organization","name":"MOBILEVARME.NU ApS DE","url":"https:\/\/mobilvarme.nu\/de\/","logo":{"@type":"ImageObject","inLanguage":"da-DK","@id":"https:\/\/mobilvarme.nu\/de\/#\/schema\/logo\/image\/","url":"https:\/\/mobilvarme.nu\/de\/wp-content\/uploads\/sites\/3\/2024\/10\/Logo.png","contentUrl":"https:\/\/mobilvarme.nu\/de\/wp-content\/uploads\/sites\/3\/2024\/10\/Logo.png","width":292,"height":26,"caption":"MOBILEVARME.NU ApS DE"},"image":{"@id":"https:\/\/mobilvarme.nu\/de\/#\/schema\/logo\/image\/"}}]}},"_links":{"self":[{"href":"https:\/\/mobilvarme.nu\/de\/wp-json\/wp\/v2\/pages\/2301","targetHints":{"allow":["GET"]}}],"collection":[{"href":"https:\/\/mobilvarme.nu\/de\/wp-json\/wp\/v2\/pages"}],"about":[{"href":"https:\/\/mobilvarme.nu\/de\/wp-json\/wp\/v2\/types\/page"}],"author":[{"embeddable":true,"href":"https:\/\/mobilvarme.nu\/de\/wp-json\/wp\/v2\/users\/2"}],"replies":[{"embeddable":true,"href":"https:\/\/mobilvarme.nu\/de\/wp-json\/wp\/v2\/comments?post=2301"}],"version-history":[{"count":0,"href":"https:\/\/mobilvarme.nu\/de\/wp-json\/wp\/v2\/pages\/2301\/revisions"}],"wp:attachment":[{"href":"https:\/\/mobilvarme.nu\/de\/wp-json\/wp\/v2\/media?parent=2301"}],"curies":[{"name":"wp","href":"https:\/\/api.w.org\/{rel}","templated":true}]}}