{"id":2594,"date":"2025-11-07T15:25:01","date_gmt":"2025-11-07T14:25:01","guid":{"rendered":"https:\/\/mobilvarme.nu\/?page_id=2594"},"modified":"2026-01-15T11:11:17","modified_gmt":"2026-01-15T10:11:17","slug":"notlosung-fur-den-botanischen-garten","status":"publish","type":"page","link":"https:\/\/mobilvarme.nu\/de\/notlosung-fur-den-botanischen-garten\/","title":{"rendered":"Notl\u00f6sung f\u00fcr den Botanischen Garten"},"content":{"rendered":"\t\t<div data-elementor-type=\"wp-page\" data-elementor-id=\"2594\" class=\"elementor elementor-2594\" data-elementor-post-type=\"page\">\n\t\t\t\t<div class=\"elementor-element elementor-element-9cebf97 e-flex e-con-boxed e-con e-parent\" data-id=\"9cebf97\" data-element_type=\"container\" data-settings=\"{&quot;background_background&quot;:&quot;classic&quot;}\">\n\t\t\t\t\t<div class=\"e-con-inner\">\n\t\t<div class=\"elementor-element elementor-element-db6e04a e-con-full e-flex e-con e-child\" data-id=\"db6e04a\" data-element_type=\"container\" data-settings=\"{&quot;background_background&quot;:&quot;classic&quot;}\">\n\t\t\t\t<div class=\"elementor-element elementor-element-558c194 elementor-widget elementor-widget-heading\" data-id=\"558c194\" data-element_type=\"widget\" data-widget_type=\"heading.default\">\n\t\t\t\t<div class=\"elementor-widget-container\">\n\t\t\t\t\t<h1 class=\"elementor-heading-title elementor-size-default\">Notl\u00f6sung f\u00fcr den Botanischen Garten<\/h1>\t\t\t\t<\/div>\n\t\t\t\t<\/div>\n\t\t\t\t<div class=\"elementor-element elementor-element-8919a80 elementor-widget elementor-widget-text-editor\" data-id=\"8919a80\" data-element_type=\"widget\" data-widget_type=\"text-editor.default\">\n\t\t\t\t<div class=\"elementor-widget-container\">\n\t\t\t\t\t\t\t\t\t<p>mobilvarme.nu hat sich auf die Lieferung von mobilen Heizzentralen spezialisiert. mobilvarme.nu war einer der ersten Anbieter auf dem Markt f\u00fcr mobile Heizzentralen und liefert seit 2003 mobile Heizzentralen.<\/p>\t\t\t\t\t\t\t\t<\/div>\n\t\t\t\t<\/div>\n\t\t<div class=\"elementor-element elementor-element-2cd6c1e e-con-full e-flex e-con e-child\" data-id=\"2cd6c1e\" data-element_type=\"container\">\n\t\t\t\t<div class=\"elementor-element elementor-element-2177 elementor-align-justify mainbutton elementor-widget elementor-widget-global elementor-global-2177 elementor-widget-button\" data-id=\"2177\" data-element_type=\"widget\" data-widget_type=\"button.default\">\n\t\t\t\t<div class=\"elementor-widget-container\">\n\t\t\t\t\t\t\t\t\t<div class=\"elementor-button-wrapper\">\n\t\t\t\t\t<a class=\"elementor-button elementor-button-link elementor-size-sm\" href=\"tel:+4540388389\">\n\t\t\t\t\t\t<span class=\"elementor-button-content-wrapper\">\n\t\t\t\t\t\t<span class=\"elementor-button-icon\">\n\t\t\t\t\t\t\t<\/span>\n\t\t\t\t\t\t\t\t\t<span class=\"elementor-button-text\">+45 40 388 389<\/span>\n\t\t\t\t\t<\/span>\n\t\t\t\t\t<\/a>\n\t\t\t\t<\/div>\n\t\t\t\t\t\t\t\t<\/div>\n\t\t\t\t<\/div>\n\t\t\t\t<div class=\"elementor-element elementor-element-2180 elementor-align-justify mainbutton elementor-widget elementor-widget-global elementor-global-2180 elementor-widget-button\" data-id=\"2180\" data-element_type=\"widget\" data-widget_type=\"button.default\">\n\t\t\t\t<div class=\"elementor-widget-container\">\n\t\t\t\t\t\t\t\t\t<div class=\"elementor-button-wrapper\">\n\t\t\t\t\t<a class=\"elementor-button elementor-button-link elementor-size-sm\" href=\"mailto:info@mobilvarme.nu\">\n\t\t\t\t\t\t<span class=\"elementor-button-content-wrapper\">\n\t\t\t\t\t\t<span class=\"elementor-button-icon\">\n\t\t\t\t\t\t\t<\/span>\n\t\t\t\t\t\t\t\t\t<span class=\"elementor-button-text\">info@mobilvarme.nu<\/span>\n\t\t\t\t\t<\/span>\n\t\t\t\t\t<\/a>\n\t\t\t\t<\/div>\n\t\t\t\t\t\t\t\t<\/div>\n\t\t\t\t<\/div>\n\t\t\t\t<\/div>\n\t\t\t\t<\/div>\n\t\t\t\t\t<\/div>\n\t\t\t\t<\/div>\n\t\t<div class=\"elementor-element elementor-element-650f3b3 e-flex e-con-boxed e-con e-parent\" data-id=\"650f3b3\" data-element_type=\"container\">\n\t\t\t\t\t<div class=\"e-con-inner\">\n\t\t\t\t<div class=\"elementor-element elementor-element-c217413 elementor-widget elementor-widget-heading\" data-id=\"c217413\" data-element_type=\"widget\" data-widget_type=\"heading.default\">\n\t\t\t\t<div class=\"elementor-widget-container\">\n\t\t\t\t\t<h2 class=\"elementor-heading-title elementor-size-default\">Eine Zusammenarbeit, die warm bleibt - egal, wer der Kunde ist<\/h2>\t\t\t\t<\/div>\n\t\t\t\t<\/div>\n\t\t\t\t<div class=\"elementor-element elementor-element-ef3a6e8 elementor-widget elementor-widget-text-editor\" data-id=\"ef3a6e8\" data-element_type=\"widget\" data-widget_type=\"text-editor.default\">\n\t\t\t\t<div class=\"elementor-widget-container\">\n\t\t\t\t\t\t\t\t\t<p>Die Kunden von <strong>MobilVarme A\/S<\/strong> sind so vielf\u00e4ltig wie die Aufgaben, die wir l\u00f6sen.<br \/>Wir liefern tempor\u00e4re und mobile Heizzentralen an <strong>Fernw\u00e4rmeunternehmen, Bauunternehmen, Kommunen und \u00f6ffentliche Einrichtungen<\/strong> &#8211; und wir fahren auch gerne \u00fcber die Grenzen nach <strong>Norwegen und auf die F\u00e4r\u00f6er<\/strong>, wenn dort W\u00e4rme ben\u00f6tigt wird.<\/p><p>Unseren Kunden ist gemeinsam, dass sie <strong>einen zuverl\u00e4ssigen Partner<\/strong> brauchen, der schnell einspringt, praktisch denkt und die W\u00e4rme ohne Unterbrechung des Betriebs in Gang bringt.<\/p>\t\t\t\t\t\t\t\t<\/div>\n\t\t\t\t<\/div>\n\t\t\t\t\t<\/div>\n\t\t\t\t<\/div>\n\t\t\t\t<\/div>\n\t\t","protected":false},"excerpt":{"rendered":"<p>Notl\u00f6sung f\u00fcr den Botanischen Garten mobilvarme.nu hat sich auf die Lieferung von mobilen Heizzentralen spezialisiert. mobilvarme.nu war einer der ersten Anbieter auf dem Markt f\u00fcr mobile Heizzentralen und liefert seit 2003 mobile Heizzentralen. Eine Zusammenarbeit, die warm bleibt &#8211; egal, wer der Kunde ist Die Kunden von MobilVarme A\/S sind so vielf\u00e4ltig wie die Aufgaben, [&hellip;]<\/p>\n","protected":false},"author":2,"featured_media":0,"parent":0,"menu_order":0,"comment_status":"closed","ping_status":"closed","template":"","meta":{"_acf_changed":false,"inline_featured_image":false,"footnotes":""},"class_list":["post-2594","page","type-page","status-publish","hentry"],"acf":[],"yoast_head":"<!-- This site is optimized with the Yoast SEO plugin v26.3 - https:\/\/yoast.com\/wordpress\/plugins\/seo\/ -->\n<title>Notl\u00f6sung f\u00fcr den Botanischen Garten - MOBILEVARME.NU ApS DE<\/title>\n<meta name=\"robots\" content=\"index, follow, max-snippet:-1, max-image-preview:large, max-video-preview:-1\" \/>\n<link rel=\"canonical\" href=\"https:\/\/mobilvarme.nu\/de\/notlosung-fur-den-botanischen-garten\/\" \/>\n<meta property=\"og:locale\" content=\"da_DK\" \/>\n<meta property=\"og:type\" content=\"article\" \/>\n<meta property=\"og:title\" content=\"Notl\u00f6sung f\u00fcr den Botanischen Garten - MOBILEVARME.NU ApS DE\" \/>\n<meta property=\"og:description\" content=\"Notl\u00f6sung f\u00fcr den Botanischen Garten mobilvarme.nu hat sich auf die Lieferung von mobilen Heizzentralen spezialisiert. mobilvarme.nu war einer der ersten Anbieter auf dem Markt f\u00fcr mobile Heizzentralen und liefert seit 2003 mobile Heizzentralen. Eine Zusammenarbeit, die warm bleibt &#8211; egal, wer der Kunde ist Die Kunden von MobilVarme A\/S sind so vielf\u00e4ltig wie die Aufgaben, [&hellip;]\" \/>\n<meta property=\"og:url\" content=\"https:\/\/mobilvarme.nu\/de\/notlosung-fur-den-botanischen-garten\/\" \/>\n<meta property=\"og:site_name\" content=\"MOBILEVARME.NU ApS DE\" \/>\n<meta property=\"article:modified_time\" content=\"2026-01-15T10:11:17+00:00\" \/>\n<meta name=\"twitter:card\" content=\"summary_large_image\" \/>\n<meta name=\"twitter:label1\" content=\"Estimeret l\u00e6setid\" \/>\n\t<meta name=\"twitter:data1\" content=\"1 minut\" \/>\n<script type=\"application\/ld+json\" class=\"yoast-schema-graph\">{\"@context\":\"https:\/\/schema.org\",\"@graph\":[{\"@type\":\"WebPage\",\"@id\":\"https:\/\/mobilvarme.nu\/de\/notlosung-fur-den-botanischen-garten\/\",\"url\":\"https:\/\/mobilvarme.nu\/de\/notlosung-fur-den-botanischen-garten\/\",\"name\":\"Notl\u00f6sung f\u00fcr den Botanischen Garten - MOBILEVARME.NU ApS DE\",\"isPartOf\":{\"@id\":\"https:\/\/mobilvarme.nu\/de\/#website\"},\"datePublished\":\"2025-11-07T14:25:01+00:00\",\"dateModified\":\"2026-01-15T10:11:17+00:00\",\"breadcrumb\":{\"@id\":\"https:\/\/mobilvarme.nu\/de\/notlosung-fur-den-botanischen-garten\/#breadcrumb\"},\"inLanguage\":\"da-DK\",\"potentialAction\":[{\"@type\":\"ReadAction\",\"target\":[\"https:\/\/mobilvarme.nu\/de\/notlosung-fur-den-botanischen-garten\/\"]}]},{\"@type\":\"BreadcrumbList\",\"@id\":\"https:\/\/mobilvarme.nu\/de\/notlosung-fur-den-botanischen-garten\/#breadcrumb\",\"itemListElement\":[{\"@type\":\"ListItem\",\"position\":1,\"name\":\"Hjem\",\"item\":\"https:\/\/mobilvarme.nu\/de\/\"},{\"@type\":\"ListItem\",\"position\":2,\"name\":\"Notl\u00f6sung f\u00fcr den Botanischen Garten\"}]},{\"@type\":\"WebSite\",\"@id\":\"https:\/\/mobilvarme.nu\/de\/#website\",\"url\":\"https:\/\/mobilvarme.nu\/de\/\",\"name\":\"MOBILEVARME.NU ApS DE\",\"description\":\"\",\"publisher\":{\"@id\":\"https:\/\/mobilvarme.nu\/de\/#organization\"},\"potentialAction\":[{\"@type\":\"SearchAction\",\"target\":{\"@type\":\"EntryPoint\",\"urlTemplate\":\"https:\/\/mobilvarme.nu\/de\/?s={search_term_string}\"},\"query-input\":{\"@type\":\"PropertyValueSpecification\",\"valueRequired\":true,\"valueName\":\"search_term_string\"}}],\"inLanguage\":\"da-DK\"},{\"@type\":\"Organization\",\"@id\":\"https:\/\/mobilvarme.nu\/de\/#organization\",\"name\":\"MOBILEVARME.NU ApS DE\",\"url\":\"https:\/\/mobilvarme.nu\/de\/\",\"logo\":{\"@type\":\"ImageObject\",\"inLanguage\":\"da-DK\",\"@id\":\"https:\/\/mobilvarme.nu\/de\/#\/schema\/logo\/image\/\",\"url\":\"https:\/\/mobilvarme.nu\/de\/wp-content\/uploads\/sites\/3\/2024\/10\/Logo.png\",\"contentUrl\":\"https:\/\/mobilvarme.nu\/de\/wp-content\/uploads\/sites\/3\/2024\/10\/Logo.png\",\"width\":292,\"height\":26,\"caption\":\"MOBILEVARME.NU ApS DE\"},\"image\":{\"@id\":\"https:\/\/mobilvarme.nu\/de\/#\/schema\/logo\/image\/\"}}]}<\/script>\n<!-- \/ Yoast SEO plugin. -->","yoast_head_json":{"title":"Notl\u00f6sung f\u00fcr den Botanischen Garten - MOBILEVARME.NU ApS DE","robots":{"index":"index","follow":"follow","max-snippet":"max-snippet:-1","max-image-preview":"max-image-preview:large","max-video-preview":"max-video-preview:-1"},"canonical":"https:\/\/mobilvarme.nu\/de\/notlosung-fur-den-botanischen-garten\/","og_locale":"da_DK","og_type":"article","og_title":"Notl\u00f6sung f\u00fcr den Botanischen Garten - MOBILEVARME.NU ApS DE","og_description":"Notl\u00f6sung f\u00fcr den Botanischen Garten mobilvarme.nu hat sich auf die Lieferung von mobilen Heizzentralen spezialisiert. mobilvarme.nu war einer der ersten Anbieter auf dem Markt f\u00fcr mobile Heizzentralen und liefert seit 2003 mobile Heizzentralen. Eine Zusammenarbeit, die warm bleibt &#8211; egal, wer der Kunde ist Die Kunden von MobilVarme A\/S sind so vielf\u00e4ltig wie die Aufgaben, [&hellip;]","og_url":"https:\/\/mobilvarme.nu\/de\/notlosung-fur-den-botanischen-garten\/","og_site_name":"MOBILEVARME.NU ApS DE","article_modified_time":"2026-01-15T10:11:17+00:00","twitter_card":"summary_large_image","twitter_misc":{"Estimeret l\u00e6setid":"1 minut"},"schema":{"@context":"https:\/\/schema.org","@graph":[{"@type":"WebPage","@id":"https:\/\/mobilvarme.nu\/de\/notlosung-fur-den-botanischen-garten\/","url":"https:\/\/mobilvarme.nu\/de\/notlosung-fur-den-botanischen-garten\/","name":"Notl\u00f6sung f\u00fcr den Botanischen Garten - MOBILEVARME.NU ApS DE","isPartOf":{"@id":"https:\/\/mobilvarme.nu\/de\/#website"},"datePublished":"2025-11-07T14:25:01+00:00","dateModified":"2026-01-15T10:11:17+00:00","breadcrumb":{"@id":"https:\/\/mobilvarme.nu\/de\/notlosung-fur-den-botanischen-garten\/#breadcrumb"},"inLanguage":"da-DK","potentialAction":[{"@type":"ReadAction","target":["https:\/\/mobilvarme.nu\/de\/notlosung-fur-den-botanischen-garten\/"]}]},{"@type":"BreadcrumbList","@id":"https:\/\/mobilvarme.nu\/de\/notlosung-fur-den-botanischen-garten\/#breadcrumb","itemListElement":[{"@type":"ListItem","position":1,"name":"Hjem","item":"https:\/\/mobilvarme.nu\/de\/"},{"@type":"ListItem","position":2,"name":"Notl\u00f6sung f\u00fcr den Botanischen Garten"}]},{"@type":"WebSite","@id":"https:\/\/mobilvarme.nu\/de\/#website","url":"https:\/\/mobilvarme.nu\/de\/","name":"MOBILEVARME.NU ApS DE","description":"","publisher":{"@id":"https:\/\/mobilvarme.nu\/de\/#organization"},"potentialAction":[{"@type":"SearchAction","target":{"@type":"EntryPoint","urlTemplate":"https:\/\/mobilvarme.nu\/de\/?s={search_term_string}"},"query-input":{"@type":"PropertyValueSpecification","valueRequired":true,"valueName":"search_term_string"}}],"inLanguage":"da-DK"},{"@type":"Organization","@id":"https:\/\/mobilvarme.nu\/de\/#organization","name":"MOBILEVARME.NU ApS DE","url":"https:\/\/mobilvarme.nu\/de\/","logo":{"@type":"ImageObject","inLanguage":"da-DK","@id":"https:\/\/mobilvarme.nu\/de\/#\/schema\/logo\/image\/","url":"https:\/\/mobilvarme.nu\/de\/wp-content\/uploads\/sites\/3\/2024\/10\/Logo.png","contentUrl":"https:\/\/mobilvarme.nu\/de\/wp-content\/uploads\/sites\/3\/2024\/10\/Logo.png","width":292,"height":26,"caption":"MOBILEVARME.NU ApS DE"},"image":{"@id":"https:\/\/mobilvarme.nu\/de\/#\/schema\/logo\/image\/"}}]}},"_links":{"self":[{"href":"https:\/\/mobilvarme.nu\/de\/wp-json\/wp\/v2\/pages\/2594","targetHints":{"allow":["GET"]}}],"collection":[{"href":"https:\/\/mobilvarme.nu\/de\/wp-json\/wp\/v2\/pages"}],"about":[{"href":"https:\/\/mobilvarme.nu\/de\/wp-json\/wp\/v2\/types\/page"}],"author":[{"embeddable":true,"href":"https:\/\/mobilvarme.nu\/de\/wp-json\/wp\/v2\/users\/2"}],"replies":[{"embeddable":true,"href":"https:\/\/mobilvarme.nu\/de\/wp-json\/wp\/v2\/comments?post=2594"}],"version-history":[{"count":0,"href":"https:\/\/mobilvarme.nu\/de\/wp-json\/wp\/v2\/pages\/2594\/revisions"}],"wp:attachment":[{"href":"https:\/\/mobilvarme.nu\/de\/wp-json\/wp\/v2\/media?parent=2594"}],"curies":[{"name":"wp","href":"https:\/\/api.w.org\/{rel}","templated":true}]}}